{"id":2657,"date":"2017-01-19T15:59:32","date_gmt":"2017-01-19T14:59:32","guid":{"rendered":"https:\/\/www.hotelpariolirimini.it\/privacy\/"},"modified":"2020-05-11T11:50:58","modified_gmt":"2020-05-11T09:50:58","slug":"privacy","status":"publish","type":"page","link":"https:\/\/www.hotelpariolirimini.it\/de\/privacy\/","title":{"rendered":"Datenschutz-Bestimmungen"},"content":{"rendered":"<h2>In \u00dcbereinstimmung mit dem Gesetzdekret Nr. 193\/2003 und den nachfolgenden \u00c4nderungen, liefern wir einige Informationen hinsichtlich des Gebrauchs Ihrer pers\u00f6nlichen Daten.<\/h2>\n<ul>\n<li>Ihre Daten werden ausschlie\u00dflich dazu verwandt, den angeforderten Dienst bereitzustellen. Ohne derer Behandlung, kann dieser Zweck nicht erf\u00fcllt werden.<\/li>\n<li>Es versteht sich, dass Sie durch die Zusendung des ausgef\u00fcllten Formulars, der Behandlung Ihrer pers\u00f6nlichen Daten zustimmen, und damit einverstanden sind, dass diese den Lieferantenfirmen des Hotel Parioli \u00fcberlassen oder zu Dienstleistungszwecken verwandt werden.<\/li>\n<li>Die Behandlung wird mit Computer und elektronischen Ger\u00e4ten durchgef\u00fchrt.<\/li>\n<li>Diese Daten d\u00fcrfen, ohne Ihre Zustimmung, nicht an Dritte weitergeleitet werden, au\u00dfer in gesetzlich vorgeschriebenen F\u00e4llen.<\/li>\n<li>Es werden Ihnen die Rechte des Gesetzdekrets Nr. 193\/2003, Artikel 7 anerkannt, von denen einige nachfolgend kurz zusammengefasst werden.<\/li>\n<li>Wir bitten Sie, keine ihrer sensiblen Daten einzugeben, d.h. Daten, \u00fcber rassische und ethnische Herkunft, religi\u00f6se, philosophische oder anderweitige \u00dcberzeugungen, politische Meinungen, Mitgliedschaft in Parteien, Gewerkschaften, Verb\u00e4nden oder Organisationen, von religi\u00f6ser, philosophischer, politischer oder gewerkschaftlicher Natur, zudem keine Daten, die den Gesundheitszustand und das Sexualleben bekanntgeben, da das Hotel Parioli gem\u00e4\u00df des Artikels 22 des Gesetzdekrets Nr. 193\/2003 nicht dazu autorisiert ist.<\/li>\n<\/ul>\n<p><strong>Personenbezogene Daten<\/strong><\/p>\n<p>Das Gesetzdekret Nr. 193\/2003 (unter: \u201eGesetz\u201c)regelt die Behandlung der personenbezogenen Daten. Unter pers\u00f6nlichen Daten verstehen sich alle Informationen, im Bezug auf die nat\u00fcrliche oder juristische Person, auf eine K\u00f6rperschaft oder Vereinigung (unter: \u201e Antragsteller\u201c), die sowohl die direkte als auch indirekte Identifizierung des Bettreffenden, erm\u00f6glichen.<\/p>\n<p>Unter Behandlung der personenbezogenen Daten versteht man derer:<\/p>\n<ul>\n<li>Sammlung, Aufzeichnung und Speicherung<\/li>\n<li>Verarbeitung, Auswahl, Gewinnung und Vergleich<\/li>\n<li>\u00c4nderung, Sperrung, L\u00f6schung und Vernichtung.<\/li>\n<\/ul>\n<p>Das besagte Gesetz sieht f\u00fcr diese Behandlungen, im Prinzip und mit einigen spezifischen Ausnahmen, die Zustimmung der betroffenen Person vor. Die Figur eines B\u00fcrgen ist gesetzlich vorgeschrieben, ein kollegiales Organ, das haupts\u00e4chlich f\u00fcr den Schutz der Person, hinsichtlich der Bearbeitung der pers\u00f6nlichen Daten, zust\u00e4ndig ist. Es ist auch vorgesehen, dass der betreffenden Person, die n\u00f6tigen Informationen, \u00fcber den Inhalt des Gesetzes, insbesondere im Bezug auf ihre Rechte, gegeben werden; diese Informationen sind eigens im nachfolgenden Hinweis zusammengefasst worden.<\/p>\n<p><strong>Rechte der betreffenden Person<\/strong><\/p>\n<p>Der Artikel 7 des Gesetzes erkennt der betreffenden Person spezielle Rechte zu. Insbesondere, kann der Betreffende vom Inhaber die Best\u00e4tigung, der Existenz oder des nicht Vorhandenseins, der pers\u00f6nlichen Daten verlangen, und dass diese Daten in verst\u00e4ndlicher Form zu seiner Verf\u00fcgung stehen.<\/p>\n<p>Die betreffende Person kann ebenso verlangen, die Herkunft der Daten, sowie die Logik und den Zweck der Behandlung, zu erfahren; die L\u00f6schung und \u00c4nderung, in anonymer Form, erlangen oder auf die Sperrung der, gegen das Gesetz versto\u00dfenden Daten, sowie die Aktualisierung, die Berichtigung oder, falls gew\u00fcnscht, die Erg\u00e4nzung der Daten, bestehen; sich derer Behandlung, aus berechtigten Gr\u00fcnden, zu wiedersetzen.<\/p>\n<p>F\u00fcr die L\u00f6schung der, sich bereits im Besitz des Hotel Parioli befindenden, personenbezogenen Daten, ist es n\u00f6tig ,eine Mail an : parioli@tonihotels.it, zu senden, mit dem ausdr\u00fccklichen Wunsch, auf L\u00f6schung der Daten<\/p>\n<p><strong>Inhaber und Verantwortliche<\/strong><\/p>\n<p>Inhaber der Behandlung der personenbezogenen Daten ist das Hotel Parioli, in der Figur seines gesetzlichen Vertreters.<\/p>\n","protected":false},"excerpt":{"rendered":"<p>In \u00dcbereinstimmung mit dem Gesetzdekret Nr. 193\/2003 und den nachfolgenden \u00c4nderungen, liefern wir einige Informationen hinsichtlich des Gebrauchs Ihrer pers\u00f6nlichen Daten. Ihre Daten werden ausschlie\u00dflich dazu verwandt, den angeforderten Dienst bereitzustellen. Ohne derer Behandlung, kann dieser Zweck nicht erf\u00fcllt werden. Es versteht sich, dass Sie durch die Zusendung des ausgef\u00fcllten Formulars, der Behandlung Ihrer pers\u00f6nlichen Daten zustimmen, und damit einverstanden sind, dass diese den Lieferantenfirmen des Hotel Parioli \u00fcberlassen oder &#8230;<\/p>\n","protected":false},"author":1,"featured_media":0,"parent":0,"menu_order":0,"comment_status":"closed","ping_status":"closed","template":"","meta":{"_acf_changed":false},"class_list":["post-2657","page","type-page","status-publish","hentry"],"acf":[],"_links":{"self":[{"href":"https:\/\/www.hotelpariolirimini.it\/de\/wp-json\/wp\/v2\/pages\/2657","targetHints":{"allow":["GET"]}}],"collection":[{"href":"https:\/\/www.hotelpariolirimini.it\/de\/wp-json\/wp\/v2\/pages"}],"about":[{"href":"https:\/\/www.hotelpariolirimini.it\/de\/wp-json\/wp\/v2\/types\/page"}],"author":[{"embeddable":true,"href":"https:\/\/www.hotelpariolirimini.it\/de\/wp-json\/wp\/v2\/users\/1"}],"replies":[{"embeddable":true,"href":"https:\/\/www.hotelpariolirimini.it\/de\/wp-json\/wp\/v2\/comments?post=2657"}],"version-history":[{"count":0,"href":"https:\/\/www.hotelpariolirimini.it\/de\/wp-json\/wp\/v2\/pages\/2657\/revisions"}],"wp:attachment":[{"href":"https:\/\/www.hotelpariolirimini.it\/de\/wp-json\/wp\/v2\/media?parent=2657"}],"curies":[{"name":"wp","href":"https:\/\/api.w.org\/{rel}","templated":true}]}}