{"id":3841,"date":"2020-05-08T12:08:08","date_gmt":"2020-05-08T10:08:08","guid":{"rendered":"https:\/\/www.hotelpariolirimini.it\/business\/"},"modified":"2023-06-22T18:07:21","modified_gmt":"2023-06-22T16:07:21","slug":"business","status":"publish","type":"page","link":"https:\/\/www.hotelpariolirimini.it\/de\/business\/","title":{"rendered":"Ihr Business-Hotel in Rimini"},"content":{"rendered":"<h2>Der praktische Komfort, den Sie f\u00fcr Ihre Gesch\u00e4ftsreisen ben\u00f6tigen<\/h2>\n<h3>Sie wollen die gleiche Effizienz wie im B\u00fcro auch unterwegs?<\/h3>\n<p>Das Parioli Hotel bietet auch eine L\u00f6sung f\u00fcr Menschen wie Sie, die es gewohnt sind, beruflich zu reisen und zu jeder Tageszeit produktiv und vernetzt zu sein.<br \/>\nWenn Sie wegen Messen und gesch\u00e4ftlichen Veranstaltungen nach Rimini kommen, finden Sie in jedem Zimmer oder Appartement des Hotels Parioli einen <strong>High-Speed-Wi-Fi-Anschluss<\/strong> und einen Schreibtisch, an dem Sie Ihren Arbeitsplatz in der Ferne einrichten k\u00f6nnen.<br \/>\n<strong>Der Palacongressi ist 1,5 km und die Messe Rimini 4,5 km entfernt.<\/strong><br \/>\nDas Parioli bietet allen G\u00e4sten den Komfort eines privaten Parkplatzes und die M\u00f6glichkeit, <strong>ihr eigenes Auto<\/strong> f\u00fcr ihre Reisen bereitzuhalten.<br \/>\nAu\u00dferdem garantiert es den<strong> kostenlosen Verleih der hoteleigenen<\/strong> Citybikes.<\/p>\n<p>Die Einrichtung verf\u00fcgt auch \u00fcber einen <strong>Konferenzraum<\/strong>, der mit allem ausgestattet ist, was f\u00fcr die Organisation von Sitzungen und Fortbildungsveranstaltungen ben\u00f6tigt wird.<\/p>\n<h3>LA SALA BUSINESS f\u00fcr Ihre Veranstaltungen<\/h3>\n<p><strong>Im Konferenzraum<\/strong> Parioli k\u00f6nnen Sie Ihr Gesch\u00e4ftstreffen in einer ger\u00e4umigen und fein eingerichteten Umgebung gestalten, die f\u00fcr alle Teilnehmer komfortabel und angenehm ist.<br \/>\nDer Saal kann auch f\u00fcr die Einrichtung von <strong>Ausstellungs- oder Cateringbereichen<\/strong> genutzt werden und ist mit speziellen <strong>technischen Ger\u00e4ten ausgestattet,<\/strong> um alle Arten von Anforderungen zu erf\u00fcllen.<br \/>\nDie Mitarbeiter von Parioli freuen sich darauf, Ihre Veranstaltung zu planen und Sie in allen Aspekten der Organisation zu unterst\u00fctzen. Zur Verf\u00fcgung stehen: <strong>Leinwand, Videoprojektor, Tonmischer, Mikrofone, Flipchart, Konferenzmappen, Empfangstisch.<\/strong><br \/>\nAuf Anfrage k\u00f6nnen Gesch\u00e4ftsfr\u00fchst\u00fccke, <strong>Kaffeepausen<\/strong> mit Express-Kaffee, <strong>Fruchts\u00e4ften<\/strong>, einer Auswahl an s\u00fc\u00dfem und herzhaftem Geb\u00e4ck; <strong>servierten Aperitifs und Gesch\u00e4ftsessen organisiert werden.<\/strong><\/p>\n<div id='gallery-1' class='gallery galleryid-3841 gallery-columns-4 gallery-size-large'><figure class='gallery-item'>\n\t\t\t<div class='gallery-icon landscape'>\n\t\t\t\t<a href='https:\/\/www.hotelpariolirimini.it\/de\/business\/sala-topazio-gallery-2\/' data-size=\"1024x1024\"><img loading=\"lazy\" decoding=\"async\" width=\"1024\" height=\"1024\" src=\"https:\/\/www.hotelpariolirimini.it\/wp-content\/uploads\/2023\/06\/SALA-TOPAZIO-GALLERY.jpg\" class=\"attachment-large size-large\" alt=\"sala congressi parioli\" srcset=\"https:\/\/www.hotelpariolirimini.it\/wp-content\/uploads\/2023\/06\/SALA-TOPAZIO-GALLERY.jpg 1024w, https:\/\/www.hotelpariolirimini.it\/wp-content\/uploads\/2023\/06\/SALA-TOPAZIO-GALLERY-300x300.jpg 300w, https:\/\/www.hotelpariolirimini.it\/wp-content\/uploads\/2023\/06\/SALA-TOPAZIO-GALLERY-150x150.jpg 150w, https:\/\/www.hotelpariolirimini.it\/wp-content\/uploads\/2023\/06\/SALA-TOPAZIO-GALLERY-768x768.jpg 768w, https:\/\/www.hotelpariolirimini.it\/wp-content\/uploads\/2023\/06\/SALA-TOPAZIO-GALLERY-57x57.jpg 57w, https:\/\/www.hotelpariolirimini.it\/wp-content\/uploads\/2023\/06\/SALA-TOPAZIO-GALLERY-72x72.jpg 72w, https:\/\/www.hotelpariolirimini.it\/wp-content\/uploads\/2023\/06\/SALA-TOPAZIO-GALLERY-114x114.jpg 114w, https:\/\/www.hotelpariolirimini.it\/wp-content\/uploads\/2023\/06\/SALA-TOPAZIO-GALLERY-144x144.jpg 144w\" sizes=\"auto, (max-width: 1024px) 100vw, 1024px\" \/><\/a>\n\t\t\t<\/div><\/figure><figure class='gallery-item'>\n\t\t\t<div class='gallery-icon landscape'>\n\t\t\t\t<a href='https:\/\/www.hotelpariolirimini.it\/de\/business\/sala-topazio-gallery-2-2\/' data-size=\"1024x1024\"><img loading=\"lazy\" decoding=\"async\" width=\"1024\" height=\"1024\" src=\"https:\/\/www.hotelpariolirimini.it\/wp-content\/uploads\/2023\/06\/SALA-TOPAZIO-GALLERY-2.jpg\" class=\"attachment-large size-large\" alt=\"sala congressi parioli\" srcset=\"https:\/\/www.hotelpariolirimini.it\/wp-content\/uploads\/2023\/06\/SALA-TOPAZIO-GALLERY-2.jpg 1024w, https:\/\/www.hotelpariolirimini.it\/wp-content\/uploads\/2023\/06\/SALA-TOPAZIO-GALLERY-2-300x300.jpg 300w, https:\/\/www.hotelpariolirimini.it\/wp-content\/uploads\/2023\/06\/SALA-TOPAZIO-GALLERY-2-150x150.jpg 150w, https:\/\/www.hotelpariolirimini.it\/wp-content\/uploads\/2023\/06\/SALA-TOPAZIO-GALLERY-2-768x768.jpg 768w, https:\/\/www.hotelpariolirimini.it\/wp-content\/uploads\/2023\/06\/SALA-TOPAZIO-GALLERY-2-57x57.jpg 57w, https:\/\/www.hotelpariolirimini.it\/wp-content\/uploads\/2023\/06\/SALA-TOPAZIO-GALLERY-2-72x72.jpg 72w, https:\/\/www.hotelpariolirimini.it\/wp-content\/uploads\/2023\/06\/SALA-TOPAZIO-GALLERY-2-114x114.jpg 114w, https:\/\/www.hotelpariolirimini.it\/wp-content\/uploads\/2023\/06\/SALA-TOPAZIO-GALLERY-2-144x144.jpg 144w\" sizes=\"auto, (max-width: 1024px) 100vw, 1024px\" \/><\/a>\n\t\t\t<\/div><\/figure><figure class='gallery-item'>\n\t\t\t<div class='gallery-icon landscape'>\n\t\t\t\t<a href='https:\/\/www.hotelpariolirimini.it\/de\/business\/sala-topazio-gallery-3-2\/' data-size=\"1024x1024\"><img loading=\"lazy\" decoding=\"async\" width=\"1024\" height=\"1024\" src=\"https:\/\/www.hotelpariolirimini.it\/wp-content\/uploads\/2023\/06\/SALA-TOPAZIO-GALLERY-3.jpg\" class=\"attachment-large size-large\" alt=\"sala congressi parioli\" srcset=\"https:\/\/www.hotelpariolirimini.it\/wp-content\/uploads\/2023\/06\/SALA-TOPAZIO-GALLERY-3.jpg 1024w, https:\/\/www.hotelpariolirimini.it\/wp-content\/uploads\/2023\/06\/SALA-TOPAZIO-GALLERY-3-300x300.jpg 300w, https:\/\/www.hotelpariolirimini.it\/wp-content\/uploads\/2023\/06\/SALA-TOPAZIO-GALLERY-3-150x150.jpg 150w, https:\/\/www.hotelpariolirimini.it\/wp-content\/uploads\/2023\/06\/SALA-TOPAZIO-GALLERY-3-768x768.jpg 768w, https:\/\/www.hotelpariolirimini.it\/wp-content\/uploads\/2023\/06\/SALA-TOPAZIO-GALLERY-3-57x57.jpg 57w, https:\/\/www.hotelpariolirimini.it\/wp-content\/uploads\/2023\/06\/SALA-TOPAZIO-GALLERY-3-72x72.jpg 72w, https:\/\/www.hotelpariolirimini.it\/wp-content\/uploads\/2023\/06\/SALA-TOPAZIO-GALLERY-3-114x114.jpg 114w, https:\/\/www.hotelpariolirimini.it\/wp-content\/uploads\/2023\/06\/SALA-TOPAZIO-GALLERY-3-144x144.jpg 144w\" sizes=\"auto, (max-width: 1024px) 100vw, 1024px\" \/><\/a>\n\t\t\t<\/div><\/figure><figure class='gallery-item'>\n\t\t\t<div class='gallery-icon landscape'>\n\t\t\t\t<a href='https:\/\/www.hotelpariolirimini.it\/de\/business\/sala-topazio-gallery-4-2\/' data-size=\"1024x1024\"><img loading=\"lazy\" decoding=\"async\" width=\"1024\" height=\"1024\" src=\"https:\/\/www.hotelpariolirimini.it\/wp-content\/uploads\/2023\/06\/SALA-TOPAZIO-GALLERY-4.jpg\" class=\"attachment-large size-large\" alt=\"sala congressi parioli\" srcset=\"https:\/\/www.hotelpariolirimini.it\/wp-content\/uploads\/2023\/06\/SALA-TOPAZIO-GALLERY-4.jpg 1024w, https:\/\/www.hotelpariolirimini.it\/wp-content\/uploads\/2023\/06\/SALA-TOPAZIO-GALLERY-4-300x300.jpg 300w, https:\/\/www.hotelpariolirimini.it\/wp-content\/uploads\/2023\/06\/SALA-TOPAZIO-GALLERY-4-150x150.jpg 150w, https:\/\/www.hotelpariolirimini.it\/wp-content\/uploads\/2023\/06\/SALA-TOPAZIO-GALLERY-4-768x768.jpg 768w, https:\/\/www.hotelpariolirimini.it\/wp-content\/uploads\/2023\/06\/SALA-TOPAZIO-GALLERY-4-57x57.jpg 57w, https:\/\/www.hotelpariolirimini.it\/wp-content\/uploads\/2023\/06\/SALA-TOPAZIO-GALLERY-4-72x72.jpg 72w, https:\/\/www.hotelpariolirimini.it\/wp-content\/uploads\/2023\/06\/SALA-TOPAZIO-GALLERY-4-114x114.jpg 114w, https:\/\/www.hotelpariolirimini.it\/wp-content\/uploads\/2023\/06\/SALA-TOPAZIO-GALLERY-4-144x144.jpg 144w\" sizes=\"auto, (max-width: 1024px) 100vw, 1024px\" \/><\/a>\n\t\t\t<\/div><\/figure>\n\t\t<\/div>\n\n","protected":false},"excerpt":{"rendered":"<p>Der praktische Komfort, den Sie f\u00fcr Ihre Gesch\u00e4ftsreisen ben\u00f6tigen Sie wollen die gleiche Effizienz wie im B\u00fcro auch unterwegs? Das Parioli Hotel bietet auch eine L\u00f6sung f\u00fcr Menschen wie Sie, die es gewohnt sind, beruflich zu reisen und zu jeder Tageszeit produktiv und vernetzt zu sein. Wenn Sie wegen Messen und gesch\u00e4ftlichen Veranstaltungen nach Rimini kommen, finden Sie in jedem Zimmer oder Appartement des Hotels Parioli einen High-Speed-Wi-Fi-Anschluss und einen &#8230;<\/p>\n","protected":false},"author":1,"featured_media":0,"parent":0,"menu_order":0,"comment_status":"closed","ping_status":"closed","template":"","meta":{"_acf_changed":false},"class_list":["post-3841","page","type-page","status-publish","hentry"],"acf":[],"_links":{"self":[{"href":"https:\/\/www.hotelpariolirimini.it\/de\/wp-json\/wp\/v2\/pages\/3841","targetHints":{"allow":["GET"]}}],"collection":[{"href":"https:\/\/www.hotelpariolirimini.it\/de\/wp-json\/wp\/v2\/pages"}],"about":[{"href":"https:\/\/www.hotelpariolirimini.it\/de\/wp-json\/wp\/v2\/types\/page"}],"author":[{"embeddable":true,"href":"https:\/\/www.hotelpariolirimini.it\/de\/wp-json\/wp\/v2\/users\/1"}],"replies":[{"embeddable":true,"href":"https:\/\/www.hotelpariolirimini.it\/de\/wp-json\/wp\/v2\/comments?post=3841"}],"version-history":[{"count":0,"href":"https:\/\/www.hotelpariolirimini.it\/de\/wp-json\/wp\/v2\/pages\/3841\/revisions"}],"wp:attachment":[{"href":"https:\/\/www.hotelpariolirimini.it\/de\/wp-json\/wp\/v2\/media?parent=3841"}],"curies":[{"name":"wp","href":"https:\/\/api.w.org\/{rel}","templated":true}]}}