{"id":3883,"date":"2023-05-10T11:38:45","date_gmt":"2023-05-10T09:38:45","guid":{"rendered":"https:\/\/www.hotelpariolirimini.it\/?page_id=3883"},"modified":"2023-05-10T12:54:16","modified_gmt":"2023-05-10T10:54:16","slug":"ihr-urlaub-an-der-riviera","status":"publish","type":"page","link":"https:\/\/www.hotelpariolirimini.it\/de\/ihr-urlaub-an-der-riviera\/","title":{"rendered":"Ihr Urlaub an der Riviera"},"content":{"rendered":"<h2>Mit den Menschen, die Sie lieben, mit allem Komfort, den Sie sich w\u00fcnschen<\/h2>\n<p>Rimini steht niemals still und ist sowohl im Sommer als auch im Winter immer bereit, Sie mit seiner Energie zu begeistern. Kulturelle Veranstaltungen, Sportereignisse, Konzerte und tausend andere Gelegenheiten, die adriatische Riviera zusammen mit den Menschen zu erleben, die Sie am meisten lieben.<br \/>\nDas Hotel Parioli bietet Ihnen immer die richtige L\u00f6sung f\u00fcr einen angenehmen Aufenthalt in Ihrem eigenen Raum und Ihrer eigenen Zeit, umgeben von der Aufmerksamkeit, die Sie verdienen.<\/p>\n<h3>Reisen mit der Familie?<\/h3>\n<p>M\u00fcttern und V\u00e4tern, die mit ihren Kindern reisen, garantiert das Personal des Paroli alles, was sie brauchen, direkt in ihrem Zimmer oder ihrer Wohnung.<br \/>\nWie zum Beispiel Wiege, Sicherheitsgel\u00e4nder, Babywanne, Wickeltisch und Hochstuhl.<\/p>\n<h3>Begleiten Sie eine behinderte Person?<\/h3>\n<p>Alle Zimmer im Hotel Parioli sind barrierefrei, um maximalen Komfort auch f\u00fcr G\u00e4ste im Rollstuhl zu gew\u00e4hrleisten. Das Hotel ist mit einem Aufzug ausgestattet und einige Suiten sind speziell f\u00fcr Menschen mit Mobilit\u00e4tsproblemen vorgesehen.<\/p>\n<h3>Haben Sie einen vierbeinigen Freund dabei?<\/h3>\n<p>Ihr Tier ist willkommen. In der N\u00e4he des Hotels Parioli gibt es einen Hundeauslauf und in weniger als zwei Kilometern Entfernung befindet sich eine Tierklinik.<br \/>\nIn Rimini gibt es zahlreiche Str\u00e4nde, an denen Hunde willkommen sind.<\/p>\n<h3>Sie sind mit dem Auto unterwegs?<\/h3>\n<p>Das Parken ist direkt auf dem Gel\u00e4nde m\u00f6glich und f\u00fcr alle G\u00e4ste garantiert.<\/p>\n","protected":false},"excerpt":{"rendered":"<p>Mit den Menschen, die Sie lieben, mit allem Komfort, den Sie sich w\u00fcnschen Rimini steht niemals still und ist sowohl im Sommer als auch im Winter immer bereit, Sie mit seiner Energie zu begeistern. Kulturelle Veranstaltungen, Sportereignisse, Konzerte und tausend andere Gelegenheiten, die adriatische Riviera zusammen mit den Menschen zu erleben, die Sie am meisten lieben. Das Hotel Parioli bietet Ihnen immer die richtige L\u00f6sung f\u00fcr einen angenehmen Aufenthalt in &#8230;<\/p>\n","protected":false},"author":1,"featured_media":0,"parent":0,"menu_order":0,"comment_status":"closed","ping_status":"closed","template":"","meta":{"_acf_changed":false},"class_list":["post-3883","page","type-page","status-publish","hentry"],"acf":[],"_links":{"self":[{"href":"https:\/\/www.hotelpariolirimini.it\/de\/wp-json\/wp\/v2\/pages\/3883","targetHints":{"allow":["GET"]}}],"collection":[{"href":"https:\/\/www.hotelpariolirimini.it\/de\/wp-json\/wp\/v2\/pages"}],"about":[{"href":"https:\/\/www.hotelpariolirimini.it\/de\/wp-json\/wp\/v2\/types\/page"}],"author":[{"embeddable":true,"href":"https:\/\/www.hotelpariolirimini.it\/de\/wp-json\/wp\/v2\/users\/1"}],"replies":[{"embeddable":true,"href":"https:\/\/www.hotelpariolirimini.it\/de\/wp-json\/wp\/v2\/comments?post=3883"}],"version-history":[{"count":0,"href":"https:\/\/www.hotelpariolirimini.it\/de\/wp-json\/wp\/v2\/pages\/3883\/revisions"}],"wp:attachment":[{"href":"https:\/\/www.hotelpariolirimini.it\/de\/wp-json\/wp\/v2\/media?parent=3883"}],"curies":[{"name":"wp","href":"https:\/\/api.w.org\/{rel}","templated":true}]}}