{"id":3895,"date":"2023-05-10T12:18:09","date_gmt":"2023-05-10T10:18:09","guid":{"rendered":"https:\/\/www.hotelpariolirimini.it\/?page_id=3895"},"modified":"2026-02-06T21:55:12","modified_gmt":"2026-02-06T20:55:12","slug":"staff","status":"publish","type":"page","link":"https:\/\/www.hotelpariolirimini.it\/de\/staff\/","title":{"rendered":"Seit den 1960er Jahren ist die Leitung in den H\u00e4nden der Familie Toni"},"content":{"rendered":"<h2>Eine Geschichte der Gastfreundschaft und Leidenschaft, die bis heute andauert<\/h2>\n<p>&nbsp;<\/p>\n<p><strong>Die Liebe der Familie Toni zur Gastfreundschaft geht auf die fr\u00fchen 60er Jahre zur\u00fcck,<\/strong> als das Parioli ein Hotel f\u00fcr all die Touristen war, die in jenen Boomjahren die Riviera als Urlaubsziel w\u00e4hlten.<br \/>\n<strong>Lidia und Curzio waren die erste Hoteliergeneration der Familie Toni,<\/strong> sie waren es, die Jahr f\u00fcr Jahr das Vertrauen der G\u00e4ste gewinnen konnten, sie waren es, die ihren T\u00f6chtern und Enkeln die Leidenschaft f\u00fcr diesen Beruf, der so viel gibt, weitergeben konnten.<br \/>\n<strong>Heute leiten Daniela, Cristina und Manuela,<\/strong> ein Team von Frauen, das Hotel Parioli zusammen mit dem anderen Hotel der Familie, dem Litoraneo Suite Hotel.<br \/>\nGemeinsam mit ihnen k\u00fcmmert sich ein kompetentes Team um Ihren Aufenthalt in Parioli.<strong> Cinzia, Imma und Eleonora <\/strong>hei\u00dfen Sie an der <strong>Rezeption herzlich willkommen<\/strong> und bereiten alles f\u00fcr Ihre Ankunft vor.<br \/>\nSchlie\u00dflich k\u00fcmmern sich <strong>Irina<\/strong> und <strong>Roberta<\/strong> um das Fr\u00fchst\u00fcck und begr\u00fc\u00dfen Sie jeden Morgen mit vielen k\u00f6stlichen Spezialit\u00e4ten und schenken Ihnen das erste L\u00e4cheln des Tages.<\/p>\n","protected":false},"excerpt":{"rendered":"<p>Eine Geschichte der Gastfreundschaft und Leidenschaft, die bis heute andauert &nbsp; Die Liebe der Familie Toni zur Gastfreundschaft geht auf die fr\u00fchen 60er Jahre zur\u00fcck, als das Parioli ein Hotel f\u00fcr all die Touristen war, die in jenen Boomjahren die Riviera als Urlaubsziel w\u00e4hlten. Lidia und Curzio waren die erste Hoteliergeneration der Familie Toni, sie waren es, die Jahr f\u00fcr Jahr das Vertrauen der G\u00e4ste gewinnen konnten, sie waren es, &#8230;<\/p>\n","protected":false},"author":1,"featured_media":0,"parent":0,"menu_order":0,"comment_status":"closed","ping_status":"closed","template":"","meta":{"_acf_changed":false},"class_list":["post-3895","page","type-page","status-publish","hentry"],"acf":[],"_links":{"self":[{"href":"https:\/\/www.hotelpariolirimini.it\/de\/wp-json\/wp\/v2\/pages\/3895","targetHints":{"allow":["GET"]}}],"collection":[{"href":"https:\/\/www.hotelpariolirimini.it\/de\/wp-json\/wp\/v2\/pages"}],"about":[{"href":"https:\/\/www.hotelpariolirimini.it\/de\/wp-json\/wp\/v2\/types\/page"}],"author":[{"embeddable":true,"href":"https:\/\/www.hotelpariolirimini.it\/de\/wp-json\/wp\/v2\/users\/1"}],"replies":[{"embeddable":true,"href":"https:\/\/www.hotelpariolirimini.it\/de\/wp-json\/wp\/v2\/comments?post=3895"}],"version-history":[{"count":0,"href":"https:\/\/www.hotelpariolirimini.it\/de\/wp-json\/wp\/v2\/pages\/3895\/revisions"}],"wp:attachment":[{"href":"https:\/\/www.hotelpariolirimini.it\/de\/wp-json\/wp\/v2\/media?parent=3895"}],"curies":[{"name":"wp","href":"https:\/\/api.w.org\/{rel}","templated":true}]}}