{"id":3903,"date":"2023-05-10T14:22:30","date_gmt":"2023-05-10T12:22:30","guid":{"rendered":"https:\/\/www.hotelpariolirimini.it\/?page_id=3903"},"modified":"2025-09-30T11:57:14","modified_gmt":"2025-09-30T09:57:14","slug":"lage-rimini-marina-centro","status":"publish","type":"page","link":"https:\/\/www.hotelpariolirimini.it\/de\/lage-rimini-marina-centro\/","title":{"rendered":"Im pulsierenden Herzen von Rimini, um alles bequem zu Fu\u00df zu erreichen"},"content":{"rendered":"<h2>Ob Sie einen Urlaub oder einen Gesch\u00e4ftsaufenthalt planen, Marina Centro in Rimini ist der ideale Ort f\u00fcr Sie.<\/h2>\n<p>Marina Centro, <strong>das historische Sommerviertel von Rimini,<\/strong> ist die K\u00fcstenseite des Stadtzentrums, <strong>wo man abends elegant zwischen angesagten Clubs und Boutiquen flanieren kann.<\/strong><br \/>\nDas Hotel Parioli befindet sich in der Viale Vittorio Veneto, <strong>in einem ruhigen Wohnviertel,<\/strong> nur 250 Meter vom Strand.<br \/>\nWenn Sie ein <strong>praktisches Hotel in der N\u00e4he des Bahnhofs suchen<\/strong>, ist das Hotel Parioli die ideale L\u00f6sung: strategisch g\u00fcnstig gelegen, nur 400 Meter entfernt.<\/p>\n<p><strong>Hier haben Sie alles, was Sie f\u00fcr einen komfortablen und sorglosen Aufenthalt brauchen.<\/strong><br \/>\nIn wenigen Minuten k\u00f6nnen Sie zu Fu\u00df oder mit den hoteleigenen Fahrr\u00e4dern den Strand erreichen, den Duft des Meersalzes genie\u00dfen, in den sch\u00f6nsten Boutiquen einkaufen oder einfach die Sch\u00f6nheiten von Rimini erkunden, wie das Zentrum mit seinen r\u00f6mischen und mittelalterlichen Perlen oder das malerische San Giuliano, ein ehemaliges Fischerdorf und Geburtsort von Federico Fellini.<\/p>\n<p>Wenn Sie gesch\u00e4ftlich an der Riviera zu tun haben, ist das Hotel Parioli nur 4 km von der <strong>Fiera di Rimini<\/strong> entfernt, die in 10 Minuten mit dem Auto zu erreichen ist, und etwas mehr als 1 km vom <strong>Palazzo dei Congressi,<\/strong> wo internationale Veranstaltungen, Ausstellungen und Konferenzen stattfinden.<\/p>\n","protected":false},"excerpt":{"rendered":"<p>Ob Sie einen Urlaub oder einen Gesch\u00e4ftsaufenthalt planen, Marina Centro in Rimini ist der ideale Ort f\u00fcr Sie. Marina Centro, das historische Sommerviertel von Rimini, ist die K\u00fcstenseite des Stadtzentrums, wo man abends elegant zwischen angesagten Clubs und Boutiquen flanieren kann. Das Hotel Parioli befindet sich in der Viale Vittorio Veneto, in einem ruhigen Wohnviertel, nur 250 Meter vom Strand. Wenn Sie ein praktisches Hotel in der N\u00e4he des Bahnhofs &#8230;<\/p>\n","protected":false},"author":1,"featured_media":0,"parent":0,"menu_order":0,"comment_status":"closed","ping_status":"closed","template":"","meta":{"_acf_changed":false},"class_list":["post-3903","page","type-page","status-publish","hentry"],"acf":[],"_links":{"self":[{"href":"https:\/\/www.hotelpariolirimini.it\/de\/wp-json\/wp\/v2\/pages\/3903","targetHints":{"allow":["GET"]}}],"collection":[{"href":"https:\/\/www.hotelpariolirimini.it\/de\/wp-json\/wp\/v2\/pages"}],"about":[{"href":"https:\/\/www.hotelpariolirimini.it\/de\/wp-json\/wp\/v2\/types\/page"}],"author":[{"embeddable":true,"href":"https:\/\/www.hotelpariolirimini.it\/de\/wp-json\/wp\/v2\/users\/1"}],"replies":[{"embeddable":true,"href":"https:\/\/www.hotelpariolirimini.it\/de\/wp-json\/wp\/v2\/comments?post=3903"}],"version-history":[{"count":0,"href":"https:\/\/www.hotelpariolirimini.it\/de\/wp-json\/wp\/v2\/pages\/3903\/revisions"}],"wp:attachment":[{"href":"https:\/\/www.hotelpariolirimini.it\/de\/wp-json\/wp\/v2\/media?parent=3903"}],"curies":[{"name":"wp","href":"https:\/\/api.w.org\/{rel}","templated":true}]}}