{"id":3907,"date":"2023-05-10T14:55:57","date_gmt":"2023-05-10T12:55:57","guid":{"rendered":"https:\/\/www.hotelpariolirimini.it\/?page_id=3907"},"modified":"2025-09-29T15:43:00","modified_gmt":"2025-09-29T13:43:00","slug":"haeufige-fragen","status":"publish","type":"page","link":"https:\/\/www.hotelpariolirimini.it\/de\/haeufige-fragen\/","title":{"rendered":"N\u00fctzliche Informationen f\u00fcr Ihren Aufenthalt"},"content":{"rendered":"<h2>Hier die Antworten auf die am h\u00e4ufigsten gestellten Fragen der G\u00e4ste<\/h2>\n<h3>Wie weit ist das Hotel Parioli vom Meer entfernt?<\/h3>\n<p>Das Hotel liegt 250 m vom Meer entfernt in einer gr\u00fcnen, ruhigen Wohngegend.<\/p>\n<h3><span style=\"font-size: 14pt;\">Wie weit ist das Hotel Parioli vom Bahnhof Rimini entfernt?<\/span><\/h3>\n<p>Nur 400 Meter entfernt, 5 Gehminuten vom neuen Bahnhofseingang Marina Centro.<\/p>\n<h3>Gibt es einen Parkplatz?<\/h3>\n<p>Das Hotel verf\u00fcgt \u00fcber einen Privatparkplatz.<\/p>\n<h3>Was sind die wichtigsten Dienstleistungen, die Sie anbieten?<\/h3>\n<p>Parkplatz, Tagungsraum, WI-FI im gesamten Hotel, Einrichtungen f\u00fcr Kinder im Zimmer (Kinderbetten, Bettgitter, Wickeltisch, Nachtlampen, Flaschenw\u00e4rmer).<\/p>\n<h3>Gibt es ein WI-FI-Netz?<\/h3>\n<p>WI-FI ist in den Wohnungen und im gesamten Hotel verf\u00fcgbar.<\/p>\n<h3>Gibt es Zimmer f\u00fcr Raucher?<\/h3>\n<p>Alle Hotelzimmer haben einen Balkon, auf dem Sie rauchen k\u00f6nnen.<\/p>\n<h3>Gibt es behindertengerechte Zimmer?<\/h3>\n<p>Ja, das Hotel ist barrierefrei und daher auch f\u00fcr G\u00e4ste mit Mobilit\u00e4tseinschr\u00e4nkungen geeignet.<\/p>\n<h3>Akzeptieren Sie Tiere?<\/h3>\n<p>Das Hotel ist Pet Friendly und akzeptiert daher auch Haustiere.<\/p>\n<h3>Haben die Zimmer einen Blick aufs Meer?<\/h3>\n<p>Von den Zimmern aus k\u00f6nnen Sie das Meer oder das Hinterland der Romagna mit Blick auf San Marino sehen<\/p>\n<h3>Bieten Sie Dienstleistungen f\u00fcr Kinder an?<\/h3>\n<p>Das Hotel bietet Kindersitze, Zubeh\u00f6r im Zimmer und bequeme Fahrr\u00e4der mit Kindersitzen f\u00fcr die Fortbewegung in der Stadt.<\/p>\n<h3>Ist der Strand ausgestattet?<\/h3>\n<p>Der dem Hotel angeschlossene Strand Bagno 21 bietet zahlreiche Kindereinrichtungen, Sonnenschirme und Liegen zu Sonderpreisen.<\/p>\n<h3>Sind die Kosten f\u00fcr den Strand im Aufenthalt inbegriffen?<\/h3>\n<p>Sie k\u00f6nnen anfragen, dass der Strand im Preis Ihres Aufenthalts inbegriffen ist, wenn Sie ein Angebot einholen.<\/p>\n","protected":false},"excerpt":{"rendered":"<p>Hier die Antworten auf die am h\u00e4ufigsten gestellten Fragen der G\u00e4ste Wie weit ist das Hotel Parioli vom Meer entfernt? Das Hotel liegt 250 m vom Meer entfernt in einer gr\u00fcnen, ruhigen Wohngegend. Wie weit ist das Hotel Parioli vom Bahnhof Rimini entfernt? Nur 400 Meter entfernt, 5 Gehminuten vom neuen Bahnhofseingang Marina Centro. Gibt es einen Parkplatz? Das Hotel verf\u00fcgt \u00fcber einen Privatparkplatz. Was sind die wichtigsten Dienstleistungen, die &#8230;<\/p>\n","protected":false},"author":1,"featured_media":0,"parent":0,"menu_order":0,"comment_status":"closed","ping_status":"closed","template":"","meta":{"_acf_changed":false},"class_list":["post-3907","page","type-page","status-publish","hentry"],"acf":[],"_links":{"self":[{"href":"https:\/\/www.hotelpariolirimini.it\/de\/wp-json\/wp\/v2\/pages\/3907","targetHints":{"allow":["GET"]}}],"collection":[{"href":"https:\/\/www.hotelpariolirimini.it\/de\/wp-json\/wp\/v2\/pages"}],"about":[{"href":"https:\/\/www.hotelpariolirimini.it\/de\/wp-json\/wp\/v2\/types\/page"}],"author":[{"embeddable":true,"href":"https:\/\/www.hotelpariolirimini.it\/de\/wp-json\/wp\/v2\/users\/1"}],"replies":[{"embeddable":true,"href":"https:\/\/www.hotelpariolirimini.it\/de\/wp-json\/wp\/v2\/comments?post=3907"}],"version-history":[{"count":0,"href":"https:\/\/www.hotelpariolirimini.it\/de\/wp-json\/wp\/v2\/pages\/3907\/revisions"}],"wp:attachment":[{"href":"https:\/\/www.hotelpariolirimini.it\/de\/wp-json\/wp\/v2\/media?parent=3907"}],"curies":[{"name":"wp","href":"https:\/\/api.w.org\/{rel}","templated":true}]}}