{"id":3935,"date":"2023-05-10T17:28:17","date_gmt":"2023-05-10T15:28:17","guid":{"rendered":"https:\/\/www.hotelpariolirimini.it\/?page_id=3935"},"modified":"2024-11-12T12:11:04","modified_gmt":"2024-11-12T11:11:04","slug":"fruehstueck","status":"publish","type":"page","link":"https:\/\/www.hotelpariolirimini.it\/de\/fruehstueck\/","title":{"rendered":"Jeden Tag Ihr erstes L\u00e4cheln"},"content":{"rendered":"<h2>Das Aroma von Kaffee, der Duft von Kuchen und ein reichhaltiges Fr\u00fchst\u00fcck, das jeden Morgen auf Sie wartet<\/h2>\n<p><strong>Alle G\u00e4ste des Hotels Parioli<\/strong> k\u00f6nnen ein reichhaltiges Fr\u00fchst\u00fccksbuffet genie\u00dfen. Eine schmackhafte Einladung, <strong>jeden Tag mit der richtigen Energie zu beginnen,<\/strong> ein Men\u00fc mit vielen frisch gebackenen Kuchen und herzhaften Vorschl\u00e4gen, die jeden Morgen von <strong>Annamaria<\/strong> mit Sorgfalt serviert werden.<br \/>\nDie Kuchen sind alle hausgemacht und haben noch das Aroma des Ofens. <strong>Es gibt auch leichte Men\u00fcs mit M\u00fcsli, Joghurt und frischem Obst.<\/strong><br \/>\nWenn Sie es lieber herzhaft m\u00f6gen, finden Sie hier eine gro\u00dfe Auswahl an Wurst- und K\u00e4sesorten, mit denen Sie Ihr Sandwich f\u00fcllen.<\/p>\n<h3>Ben\u00f6tigen Sie Tipps zu den besten Restaurants in der Gegend?<\/h3>\n<p>Marina Centro ist ein lebendiges Viertel mit vielen guten Restaurants, vor allem mit traditioneller regionaler K\u00fcche.<br \/>\nDas Personal des Hotels Parioli hat f\u00fcr <strong>Sie vorteilhafte Vereinbarungen mit den besten Fleisch- und Fischrestaurants getroffen<\/strong> und kann Ihnen die besten Tipps f\u00fcr eine wahre Reise durch die typischen Geschm\u00e4cker der Romagna geben.<\/p>\n<div id='gallery-1' class='gallery galleryid-3935 gallery-columns-3 gallery-size-large'><figure class='gallery-item'>\n\t\t\t<div class='gallery-icon landscape'>\n\t\t\t\t<a href='https:\/\/www.hotelpariolirimini.it\/de\/fruehstueck\/colazione-gallery-6-2\/' data-size=\"1024x1024\"><img loading=\"lazy\" decoding=\"async\" width=\"1024\" height=\"1024\" src=\"https:\/\/www.hotelpariolirimini.it\/wp-content\/uploads\/2023\/06\/colazione-gallery-6.jpg\" class=\"attachment-large size-large\" alt=\"colazione hotel parioli\" srcset=\"https:\/\/www.hotelpariolirimini.it\/wp-content\/uploads\/2023\/06\/colazione-gallery-6.jpg 1024w, https:\/\/www.hotelpariolirimini.it\/wp-content\/uploads\/2023\/06\/colazione-gallery-6-300x300.jpg 300w, https:\/\/www.hotelpariolirimini.it\/wp-content\/uploads\/2023\/06\/colazione-gallery-6-150x150.jpg 150w, https:\/\/www.hotelpariolirimini.it\/wp-content\/uploads\/2023\/06\/colazione-gallery-6-768x768.jpg 768w, https:\/\/www.hotelpariolirimini.it\/wp-content\/uploads\/2023\/06\/colazione-gallery-6-57x57.jpg 57w, https:\/\/www.hotelpariolirimini.it\/wp-content\/uploads\/2023\/06\/colazione-gallery-6-72x72.jpg 72w, https:\/\/www.hotelpariolirimini.it\/wp-content\/uploads\/2023\/06\/colazione-gallery-6-114x114.jpg 114w, https:\/\/www.hotelpariolirimini.it\/wp-content\/uploads\/2023\/06\/colazione-gallery-6-144x144.jpg 144w\" sizes=\"auto, (max-width: 1024px) 100vw, 1024px\" \/><\/a>\n\t\t\t<\/div><\/figure><figure class='gallery-item'>\n\t\t\t<div class='gallery-icon landscape'>\n\t\t\t\t<a href='https:\/\/www.hotelpariolirimini.it\/de\/fruehstueck\/sala-colazione-parioli-1-2\/' data-size=\"1024x1024\"><img loading=\"lazy\" decoding=\"async\" width=\"1024\" height=\"1024\" src=\"https:\/\/www.hotelpariolirimini.it\/wp-content\/uploads\/2024\/11\/sala-colazione-parioli-1.jpg\" class=\"attachment-large size-large\" alt=\"sala colazione hotel parioli rimini\" srcset=\"https:\/\/www.hotelpariolirimini.it\/wp-content\/uploads\/2024\/11\/sala-colazione-parioli-1.jpg 1024w, https:\/\/www.hotelpariolirimini.it\/wp-content\/uploads\/2024\/11\/sala-colazione-parioli-1-300x300.jpg 300w, https:\/\/www.hotelpariolirimini.it\/wp-content\/uploads\/2024\/11\/sala-colazione-parioli-1-150x150.jpg 150w, https:\/\/www.hotelpariolirimini.it\/wp-content\/uploads\/2024\/11\/sala-colazione-parioli-1-768x768.jpg 768w, https:\/\/www.hotelpariolirimini.it\/wp-content\/uploads\/2024\/11\/sala-colazione-parioli-1-57x57.jpg 57w, https:\/\/www.hotelpariolirimini.it\/wp-content\/uploads\/2024\/11\/sala-colazione-parioli-1-72x72.jpg 72w, https:\/\/www.hotelpariolirimini.it\/wp-content\/uploads\/2024\/11\/sala-colazione-parioli-1-114x114.jpg 114w, https:\/\/www.hotelpariolirimini.it\/wp-content\/uploads\/2024\/11\/sala-colazione-parioli-1-144x144.jpg 144w\" sizes=\"auto, (max-width: 1024px) 100vw, 1024px\" \/><\/a>\n\t\t\t<\/div><\/figure><figure class='gallery-item'>\n\t\t\t<div class='gallery-icon landscape'>\n\t\t\t\t<a href='https:\/\/www.hotelpariolirimini.it\/de\/fruehstueck\/sala-colazione-parioli-3-2\/' data-size=\"1024x1024\"><img loading=\"lazy\" decoding=\"async\" width=\"1024\" height=\"1024\" src=\"https:\/\/www.hotelpariolirimini.it\/wp-content\/uploads\/2024\/11\/sala-colazione-parioli-3.jpg\" class=\"attachment-large size-large\" alt=\"sala colazione hotel parioli rimini\" srcset=\"https:\/\/www.hotelpariolirimini.it\/wp-content\/uploads\/2024\/11\/sala-colazione-parioli-3.jpg 1024w, https:\/\/www.hotelpariolirimini.it\/wp-content\/uploads\/2024\/11\/sala-colazione-parioli-3-300x300.jpg 300w, https:\/\/www.hotelpariolirimini.it\/wp-content\/uploads\/2024\/11\/sala-colazione-parioli-3-150x150.jpg 150w, https:\/\/www.hotelpariolirimini.it\/wp-content\/uploads\/2024\/11\/sala-colazione-parioli-3-768x768.jpg 768w, https:\/\/www.hotelpariolirimini.it\/wp-content\/uploads\/2024\/11\/sala-colazione-parioli-3-57x57.jpg 57w, https:\/\/www.hotelpariolirimini.it\/wp-content\/uploads\/2024\/11\/sala-colazione-parioli-3-72x72.jpg 72w, https:\/\/www.hotelpariolirimini.it\/wp-content\/uploads\/2024\/11\/sala-colazione-parioli-3-114x114.jpg 114w, https:\/\/www.hotelpariolirimini.it\/wp-content\/uploads\/2024\/11\/sala-colazione-parioli-3-144x144.jpg 144w\" sizes=\"auto, (max-width: 1024px) 100vw, 1024px\" \/><\/a>\n\t\t\t<\/div><\/figure><figure class='gallery-item'>\n\t\t\t<div class='gallery-icon landscape'>\n\t\t\t\t<a href='https:\/\/www.hotelpariolirimini.it\/de\/fruehstueck\/sala-colazione-parioli-2-2\/' data-size=\"1024x1024\"><img loading=\"lazy\" decoding=\"async\" width=\"1024\" height=\"1024\" src=\"https:\/\/www.hotelpariolirimini.it\/wp-content\/uploads\/2024\/11\/sala-colazione-parioli-2.jpg\" class=\"attachment-large size-large\" alt=\"sala colazione hotel parioli rimini\" srcset=\"https:\/\/www.hotelpariolirimini.it\/wp-content\/uploads\/2024\/11\/sala-colazione-parioli-2.jpg 1024w, https:\/\/www.hotelpariolirimini.it\/wp-content\/uploads\/2024\/11\/sala-colazione-parioli-2-300x300.jpg 300w, https:\/\/www.hotelpariolirimini.it\/wp-content\/uploads\/2024\/11\/sala-colazione-parioli-2-150x150.jpg 150w, https:\/\/www.hotelpariolirimini.it\/wp-content\/uploads\/2024\/11\/sala-colazione-parioli-2-768x768.jpg 768w, https:\/\/www.hotelpariolirimini.it\/wp-content\/uploads\/2024\/11\/sala-colazione-parioli-2-57x57.jpg 57w, https:\/\/www.hotelpariolirimini.it\/wp-content\/uploads\/2024\/11\/sala-colazione-parioli-2-72x72.jpg 72w, https:\/\/www.hotelpariolirimini.it\/wp-content\/uploads\/2024\/11\/sala-colazione-parioli-2-114x114.jpg 114w, https:\/\/www.hotelpariolirimini.it\/wp-content\/uploads\/2024\/11\/sala-colazione-parioli-2-144x144.jpg 144w\" sizes=\"auto, (max-width: 1024px) 100vw, 1024px\" \/><\/a>\n\t\t\t<\/div><\/figure><figure class='gallery-item'>\n\t\t\t<div class='gallery-icon landscape'>\n\t\t\t\t<a href='https:\/\/www.hotelpariolirimini.it\/de\/fruehstueck\/colazione-gallery-2-2-2\/' data-size=\"1024x1024\"><img loading=\"lazy\" decoding=\"async\" width=\"1024\" height=\"1024\" src=\"https:\/\/www.hotelpariolirimini.it\/wp-content\/uploads\/2023\/06\/colazione-gallery-2-1.jpg\" class=\"attachment-large size-large\" alt=\"\" srcset=\"https:\/\/www.hotelpariolirimini.it\/wp-content\/uploads\/2023\/06\/colazione-gallery-2-1.jpg 1024w, https:\/\/www.hotelpariolirimini.it\/wp-content\/uploads\/2023\/06\/colazione-gallery-2-1-300x300.jpg 300w, https:\/\/www.hotelpariolirimini.it\/wp-content\/uploads\/2023\/06\/colazione-gallery-2-1-150x150.jpg 150w, https:\/\/www.hotelpariolirimini.it\/wp-content\/uploads\/2023\/06\/colazione-gallery-2-1-768x768.jpg 768w, https:\/\/www.hotelpariolirimini.it\/wp-content\/uploads\/2023\/06\/colazione-gallery-2-1-57x57.jpg 57w, https:\/\/www.hotelpariolirimini.it\/wp-content\/uploads\/2023\/06\/colazione-gallery-2-1-72x72.jpg 72w, https:\/\/www.hotelpariolirimini.it\/wp-content\/uploads\/2023\/06\/colazione-gallery-2-1-114x114.jpg 114w, https:\/\/www.hotelpariolirimini.it\/wp-content\/uploads\/2023\/06\/colazione-gallery-2-1-144x144.jpg 144w\" sizes=\"auto, (max-width: 1024px) 100vw, 1024px\" \/><\/a>\n\t\t\t<\/div><\/figure><figure class='gallery-item'>\n\t\t\t<div class='gallery-icon landscape'>\n\t\t\t\t<a href='https:\/\/www.hotelpariolirimini.it\/de\/fruehstueck\/colazione-gallery-3-2\/' data-size=\"1024x1024\"><img loading=\"lazy\" decoding=\"async\" width=\"1024\" height=\"1024\" src=\"https:\/\/www.hotelpariolirimini.it\/wp-content\/uploads\/2023\/06\/colazione-gallery-3.jpg\" class=\"attachment-large size-large\" alt=\"colazione hotel parioli\" srcset=\"https:\/\/www.hotelpariolirimini.it\/wp-content\/uploads\/2023\/06\/colazione-gallery-3.jpg 1024w, https:\/\/www.hotelpariolirimini.it\/wp-content\/uploads\/2023\/06\/colazione-gallery-3-300x300.jpg 300w, https:\/\/www.hotelpariolirimini.it\/wp-content\/uploads\/2023\/06\/colazione-gallery-3-150x150.jpg 150w, https:\/\/www.hotelpariolirimini.it\/wp-content\/uploads\/2023\/06\/colazione-gallery-3-768x768.jpg 768w, https:\/\/www.hotelpariolirimini.it\/wp-content\/uploads\/2023\/06\/colazione-gallery-3-57x57.jpg 57w, https:\/\/www.hotelpariolirimini.it\/wp-content\/uploads\/2023\/06\/colazione-gallery-3-72x72.jpg 72w, https:\/\/www.hotelpariolirimini.it\/wp-content\/uploads\/2023\/06\/colazione-gallery-3-114x114.jpg 114w, https:\/\/www.hotelpariolirimini.it\/wp-content\/uploads\/2023\/06\/colazione-gallery-3-144x144.jpg 144w\" sizes=\"auto, (max-width: 1024px) 100vw, 1024px\" \/><\/a>\n\t\t\t<\/div><\/figure><figure class='gallery-item'>\n\t\t\t<div class='gallery-icon landscape'>\n\t\t\t\t<a href='https:\/\/www.hotelpariolirimini.it\/de\/fruehstueck\/colazione-gallery-2\/' data-size=\"1024x1024\"><img loading=\"lazy\" decoding=\"async\" width=\"1024\" height=\"1024\" src=\"https:\/\/www.hotelpariolirimini.it\/wp-content\/uploads\/2023\/06\/colazione-gallery.jpg\" class=\"attachment-large size-large\" alt=\"colazione hotel parioli\" srcset=\"https:\/\/www.hotelpariolirimini.it\/wp-content\/uploads\/2023\/06\/colazione-gallery.jpg 1024w, https:\/\/www.hotelpariolirimini.it\/wp-content\/uploads\/2023\/06\/colazione-gallery-300x300.jpg 300w, https:\/\/www.hotelpariolirimini.it\/wp-content\/uploads\/2023\/06\/colazione-gallery-150x150.jpg 150w, https:\/\/www.hotelpariolirimini.it\/wp-content\/uploads\/2023\/06\/colazione-gallery-768x768.jpg 768w, https:\/\/www.hotelpariolirimini.it\/wp-content\/uploads\/2023\/06\/colazione-gallery-57x57.jpg 57w, https:\/\/www.hotelpariolirimini.it\/wp-content\/uploads\/2023\/06\/colazione-gallery-72x72.jpg 72w, https:\/\/www.hotelpariolirimini.it\/wp-content\/uploads\/2023\/06\/colazione-gallery-114x114.jpg 114w, https:\/\/www.hotelpariolirimini.it\/wp-content\/uploads\/2023\/06\/colazione-gallery-144x144.jpg 144w\" sizes=\"auto, (max-width: 1024px) 100vw, 1024px\" \/><\/a>\n\t\t\t<\/div><\/figure><figure class='gallery-item'>\n\t\t\t<div class='gallery-icon landscape'>\n\t\t\t\t<a href='https:\/\/www.hotelpariolirimini.it\/de\/fruehstueck\/colazione-gallery-4-2\/' data-size=\"1024x1024\"><img loading=\"lazy\" decoding=\"async\" width=\"1024\" height=\"1024\" src=\"https:\/\/www.hotelpariolirimini.it\/wp-content\/uploads\/2023\/06\/colazione-gallery-4.jpg\" class=\"attachment-large size-large\" alt=\"\" srcset=\"https:\/\/www.hotelpariolirimini.it\/wp-content\/uploads\/2023\/06\/colazione-gallery-4.jpg 1024w, https:\/\/www.hotelpariolirimini.it\/wp-content\/uploads\/2023\/06\/colazione-gallery-4-300x300.jpg 300w, https:\/\/www.hotelpariolirimini.it\/wp-content\/uploads\/2023\/06\/colazione-gallery-4-150x150.jpg 150w, https:\/\/www.hotelpariolirimini.it\/wp-content\/uploads\/2023\/06\/colazione-gallery-4-768x768.jpg 768w, https:\/\/www.hotelpariolirimini.it\/wp-content\/uploads\/2023\/06\/colazione-gallery-4-57x57.jpg 57w, https:\/\/www.hotelpariolirimini.it\/wp-content\/uploads\/2023\/06\/colazione-gallery-4-72x72.jpg 72w, https:\/\/www.hotelpariolirimini.it\/wp-content\/uploads\/2023\/06\/colazione-gallery-4-114x114.jpg 114w, https:\/\/www.hotelpariolirimini.it\/wp-content\/uploads\/2023\/06\/colazione-gallery-4-144x144.jpg 144w\" sizes=\"auto, (max-width: 1024px) 100vw, 1024px\" \/><\/a>\n\t\t\t<\/div><\/figure><figure class='gallery-item'>\n\t\t\t<div class='gallery-icon landscape'>\n\t\t\t\t<a href='https:\/\/www.hotelpariolirimini.it\/de\/fruehstueck\/colazione-gallery-5-2\/' data-size=\"1024x1024\"><img loading=\"lazy\" decoding=\"async\" width=\"1024\" height=\"1024\" src=\"https:\/\/www.hotelpariolirimini.it\/wp-content\/uploads\/2023\/06\/colazione-gallery-5.jpg\" class=\"attachment-large size-large\" alt=\"colazione hotel parioli\" srcset=\"https:\/\/www.hotelpariolirimini.it\/wp-content\/uploads\/2023\/06\/colazione-gallery-5.jpg 1024w, https:\/\/www.hotelpariolirimini.it\/wp-content\/uploads\/2023\/06\/colazione-gallery-5-300x300.jpg 300w, https:\/\/www.hotelpariolirimini.it\/wp-content\/uploads\/2023\/06\/colazione-gallery-5-150x150.jpg 150w, https:\/\/www.hotelpariolirimini.it\/wp-content\/uploads\/2023\/06\/colazione-gallery-5-768x768.jpg 768w, https:\/\/www.hotelpariolirimini.it\/wp-content\/uploads\/2023\/06\/colazione-gallery-5-57x57.jpg 57w, https:\/\/www.hotelpariolirimini.it\/wp-content\/uploads\/2023\/06\/colazione-gallery-5-72x72.jpg 72w, https:\/\/www.hotelpariolirimini.it\/wp-content\/uploads\/2023\/06\/colazione-gallery-5-114x114.jpg 114w, https:\/\/www.hotelpariolirimini.it\/wp-content\/uploads\/2023\/06\/colazione-gallery-5-144x144.jpg 144w\" sizes=\"auto, (max-width: 1024px) 100vw, 1024px\" \/><\/a>\n\t\t\t<\/div><\/figure><figure class='gallery-item'>\n\t\t\t<div class='gallery-icon landscape'>\n\t\t\t\t<a href='https:\/\/www.hotelpariolirimini.it\/de\/staff\/staff-parioli-hotel-rimini-2\/' data-size=\"1024x1024\"><img loading=\"lazy\" decoding=\"async\" width=\"1024\" height=\"1024\" src=\"https:\/\/www.hotelpariolirimini.it\/wp-content\/uploads\/2024\/04\/staff-parioli-hotel-rimini.jpg\" class=\"attachment-large size-large\" alt=\"staff parioli hotel rimini\" srcset=\"https:\/\/www.hotelpariolirimini.it\/wp-content\/uploads\/2024\/04\/staff-parioli-hotel-rimini.jpg 1024w, https:\/\/www.hotelpariolirimini.it\/wp-content\/uploads\/2024\/04\/staff-parioli-hotel-rimini-300x300.jpg 300w, https:\/\/www.hotelpariolirimini.it\/wp-content\/uploads\/2024\/04\/staff-parioli-hotel-rimini-150x150.jpg 150w, https:\/\/www.hotelpariolirimini.it\/wp-content\/uploads\/2024\/04\/staff-parioli-hotel-rimini-768x768.jpg 768w, https:\/\/www.hotelpariolirimini.it\/wp-content\/uploads\/2024\/04\/staff-parioli-hotel-rimini-57x57.jpg 57w, https:\/\/www.hotelpariolirimini.it\/wp-content\/uploads\/2024\/04\/staff-parioli-hotel-rimini-72x72.jpg 72w, https:\/\/www.hotelpariolirimini.it\/wp-content\/uploads\/2024\/04\/staff-parioli-hotel-rimini-114x114.jpg 114w, https:\/\/www.hotelpariolirimini.it\/wp-content\/uploads\/2024\/04\/staff-parioli-hotel-rimini-144x144.jpg 144w\" sizes=\"auto, (max-width: 1024px) 100vw, 1024px\" \/><\/a>\n\t\t\t<\/div><\/figure><figure class='gallery-item'>\n\t\t\t<div class='gallery-icon landscape'>\n\t\t\t\t<a href='https:\/\/www.hotelpariolirimini.it\/de\/fruehstueck\/colazione-parioli-hotel-rimini-4-2\/' data-size=\"1024x1024\"><img loading=\"lazy\" decoding=\"async\" width=\"1024\" height=\"1024\" src=\"https:\/\/www.hotelpariolirimini.it\/wp-content\/uploads\/2024\/04\/colazione-parioli-hotel-rimini-4.jpg\" class=\"attachment-large size-large\" alt=\"colazione hotel parioli\" srcset=\"https:\/\/www.hotelpariolirimini.it\/wp-content\/uploads\/2024\/04\/colazione-parioli-hotel-rimini-4.jpg 1024w, https:\/\/www.hotelpariolirimini.it\/wp-content\/uploads\/2024\/04\/colazione-parioli-hotel-rimini-4-300x300.jpg 300w, https:\/\/www.hotelpariolirimini.it\/wp-content\/uploads\/2024\/04\/colazione-parioli-hotel-rimini-4-150x150.jpg 150w, https:\/\/www.hotelpariolirimini.it\/wp-content\/uploads\/2024\/04\/colazione-parioli-hotel-rimini-4-768x768.jpg 768w, https:\/\/www.hotelpariolirimini.it\/wp-content\/uploads\/2024\/04\/colazione-parioli-hotel-rimini-4-57x57.jpg 57w, https:\/\/www.hotelpariolirimini.it\/wp-content\/uploads\/2024\/04\/colazione-parioli-hotel-rimini-4-72x72.jpg 72w, https:\/\/www.hotelpariolirimini.it\/wp-content\/uploads\/2024\/04\/colazione-parioli-hotel-rimini-4-114x114.jpg 114w, https:\/\/www.hotelpariolirimini.it\/wp-content\/uploads\/2024\/04\/colazione-parioli-hotel-rimini-4-144x144.jpg 144w\" sizes=\"auto, (max-width: 1024px) 100vw, 1024px\" \/><\/a>\n\t\t\t<\/div><\/figure><figure class='gallery-item'>\n\t\t\t<div class='gallery-icon landscape'>\n\t\t\t\t<a href='https:\/\/www.hotelpariolirimini.it\/de\/fruehstueck\/colazione-parioli-hotel-rimini-1-2\/' data-size=\"1024x1024\"><img loading=\"lazy\" decoding=\"async\" width=\"1024\" height=\"1024\" src=\"https:\/\/www.hotelpariolirimini.it\/wp-content\/uploads\/2024\/04\/colazione-parioli-hotel-rimini-1.jpg\" class=\"attachment-large size-large\" alt=\"colazione hotel parioli\" srcset=\"https:\/\/www.hotelpariolirimini.it\/wp-content\/uploads\/2024\/04\/colazione-parioli-hotel-rimini-1.jpg 1024w, https:\/\/www.hotelpariolirimini.it\/wp-content\/uploads\/2024\/04\/colazione-parioli-hotel-rimini-1-300x300.jpg 300w, https:\/\/www.hotelpariolirimini.it\/wp-content\/uploads\/2024\/04\/colazione-parioli-hotel-rimini-1-150x150.jpg 150w, https:\/\/www.hotelpariolirimini.it\/wp-content\/uploads\/2024\/04\/colazione-parioli-hotel-rimini-1-768x768.jpg 768w, https:\/\/www.hotelpariolirimini.it\/wp-content\/uploads\/2024\/04\/colazione-parioli-hotel-rimini-1-57x57.jpg 57w, https:\/\/www.hotelpariolirimini.it\/wp-content\/uploads\/2024\/04\/colazione-parioli-hotel-rimini-1-72x72.jpg 72w, https:\/\/www.hotelpariolirimini.it\/wp-content\/uploads\/2024\/04\/colazione-parioli-hotel-rimini-1-114x114.jpg 114w, https:\/\/www.hotelpariolirimini.it\/wp-content\/uploads\/2024\/04\/colazione-parioli-hotel-rimini-1-144x144.jpg 144w\" sizes=\"auto, (max-width: 1024px) 100vw, 1024px\" \/><\/a>\n\t\t\t<\/div><\/figure>\n\t\t<\/div>\n\n","protected":false},"excerpt":{"rendered":"<p>Das Aroma von Kaffee, der Duft von Kuchen und ein reichhaltiges Fr\u00fchst\u00fcck, das jeden Morgen auf Sie wartet Alle G\u00e4ste des Hotels Parioli k\u00f6nnen ein reichhaltiges Fr\u00fchst\u00fccksbuffet genie\u00dfen. Eine schmackhafte Einladung, jeden Tag mit der richtigen Energie zu beginnen, ein Men\u00fc mit vielen frisch gebackenen Kuchen und herzhaften Vorschl\u00e4gen, die jeden Morgen von Annamaria mit Sorgfalt serviert werden. Die Kuchen sind alle hausgemacht und haben noch das Aroma des Ofens. &#8230;<\/p>\n","protected":false},"author":1,"featured_media":0,"parent":0,"menu_order":0,"comment_status":"closed","ping_status":"closed","template":"","meta":{"_acf_changed":false},"class_list":["post-3935","page","type-page","status-publish","hentry"],"acf":[],"_links":{"self":[{"href":"https:\/\/www.hotelpariolirimini.it\/de\/wp-json\/wp\/v2\/pages\/3935","targetHints":{"allow":["GET"]}}],"collection":[{"href":"https:\/\/www.hotelpariolirimini.it\/de\/wp-json\/wp\/v2\/pages"}],"about":[{"href":"https:\/\/www.hotelpariolirimini.it\/de\/wp-json\/wp\/v2\/types\/page"}],"author":[{"embeddable":true,"href":"https:\/\/www.hotelpariolirimini.it\/de\/wp-json\/wp\/v2\/users\/1"}],"replies":[{"embeddable":true,"href":"https:\/\/www.hotelpariolirimini.it\/de\/wp-json\/wp\/v2\/comments?post=3935"}],"version-history":[{"count":0,"href":"https:\/\/www.hotelpariolirimini.it\/de\/wp-json\/wp\/v2\/pages\/3935\/revisions"}],"wp:attachment":[{"href":"https:\/\/www.hotelpariolirimini.it\/de\/wp-json\/wp\/v2\/media?parent=3935"}],"curies":[{"name":"wp","href":"https:\/\/api.w.org\/{rel}","templated":true}]}}