{"id":3937,"date":"2023-05-11T09:49:14","date_gmt":"2023-05-11T07:49:14","guid":{"rendered":"https:\/\/www.hotelpariolirimini.it\/?page_id=3937"},"modified":"2023-05-12T15:51:52","modified_gmt":"2023-05-12T13:51:52","slug":"wo-wir-sind","status":"publish","type":"page","link":"https:\/\/www.hotelpariolirimini.it\/de\/wo-wir-sind\/","title":{"rendered":"Umgeben von viel Gr\u00fcn und in der N\u00e4he von allem, was Sie brauchen"},"content":{"rendered":"<h2>Das Hotel Parioli liegt strategisch g\u00fcnstig in der N\u00e4he der wichtigsten Sehensw\u00fcrdigkeiten der Stadt.<\/h2>\n<p>Vom Hotel aus erreichen Sie das Zentrum zu Fu\u00df in 20 Minuten oder mit unseren Fahrr\u00e4dern in 5 Minuten.<\/p>\n<p><strong>Die wichtigsten Entfernungen vom Hotel<\/strong><\/p>\n<ul>\n<li>4,5 km von Rimini Fiera<\/li>\n<li>1,5 km vom Palacongressi di Rimini<\/li>\n<li>10 km von Aquafan<\/li>\n<li>10 km von Oltremare<\/li>\n<li>4 km von Fiabilandia<\/li>\n<li>5 km von Italia in Miniatura<\/li>\n<li>15 km vom Aquarium in Cattolica<\/li>\n<li>25 km von Mirabilandia<\/li>\n<li>3 km vom Einkaufszentrum Le Befane und dem Multiplex-Kino<\/li>\n<\/ul>\n<p><img loading=\"lazy\" decoding=\"async\" class=\"alignnone wp-image-3500 size-full\" src=\"https:\/\/www.hotelpariolirimini.it\/wp-content\/uploads\/2023\/05\/mappa-statica-2023_de.jpg\" alt=\"\" width=\"1540\" height=\"670\" data-big-size=\"1540x670\" \/><\/p>\n","protected":false},"excerpt":{"rendered":"<p>Das Hotel Parioli liegt strategisch g\u00fcnstig in der N\u00e4he der wichtigsten Sehensw\u00fcrdigkeiten der Stadt. Vom Hotel aus erreichen Sie das Zentrum zu Fu\u00df in 20 Minuten oder mit unseren Fahrr\u00e4dern in 5 Minuten. Die wichtigsten Entfernungen vom Hotel 4,5 km von Rimini Fiera 1,5 km vom Palacongressi di Rimini 10 km von Aquafan 10 km von Oltremare 4 km von Fiabilandia 5 km von Italia in Miniatura 15 km vom &#8230;<\/p>\n","protected":false},"author":1,"featured_media":0,"parent":0,"menu_order":0,"comment_status":"closed","ping_status":"closed","template":"","meta":{"_acf_changed":false},"class_list":["post-3937","page","type-page","status-publish","hentry"],"acf":[],"_links":{"self":[{"href":"https:\/\/www.hotelpariolirimini.it\/de\/wp-json\/wp\/v2\/pages\/3937","targetHints":{"allow":["GET"]}}],"collection":[{"href":"https:\/\/www.hotelpariolirimini.it\/de\/wp-json\/wp\/v2\/pages"}],"about":[{"href":"https:\/\/www.hotelpariolirimini.it\/de\/wp-json\/wp\/v2\/types\/page"}],"author":[{"embeddable":true,"href":"https:\/\/www.hotelpariolirimini.it\/de\/wp-json\/wp\/v2\/users\/1"}],"replies":[{"embeddable":true,"href":"https:\/\/www.hotelpariolirimini.it\/de\/wp-json\/wp\/v2\/comments?post=3937"}],"version-history":[{"count":0,"href":"https:\/\/www.hotelpariolirimini.it\/de\/wp-json\/wp\/v2\/pages\/3937\/revisions"}],"wp:attachment":[{"href":"https:\/\/www.hotelpariolirimini.it\/de\/wp-json\/wp\/v2\/media?parent=3937"}],"curies":[{"name":"wp","href":"https:\/\/api.w.org\/{rel}","templated":true}]}}