{"id":3941,"date":"2023-05-11T16:49:12","date_gmt":"2023-05-11T14:49:12","guid":{"rendered":"https:\/\/www.hotelpariolirimini.it\/?page_id=3941"},"modified":"2023-05-11T16:49:29","modified_gmt":"2023-05-11T14:49:29","slug":"angebote","status":"publish","type":"page","link":"https:\/\/www.hotelpariolirimini.it\/de\/angebote\/","title":{"rendered":"Urlaubsangebote das ganze Jahr \u00fcber"},"content":{"rendered":"<h2>Auch au\u00dferhalb der Saison k\u00f6nnen Sie in Rimini viele Schn\u00e4ppchen machen!<\/h2>\n<p>Wenn der Sommer in Rimini als unumg\u00e4ngliche Jahreszeit mit Sonne, Meer und einem breiten, goldenen Sandstrand bekannt ist, dann sollte man diese Perle der Romagna auch zu anderen Jahreszeiten besuchen.<br \/>\nEine pulsierende Stadt voller Termine und Veranstaltungen, historischer St\u00e4tten, die man besichtigen kann, und ein Hinterland voller kultureller und gastronomischer Spitzenleistungen.<\/p>\n<h2>Bringt die Arbeit Sie an die Riviera? Im Hotel Parioli finden Sie immer die richtige M\u00f6glichkeit zu sparen<\/h2>\n<p>Das Hotel Parioli ist das ganze Jahr \u00fcber ge\u00f6ffnet und wird von vielen G\u00e4sten gew\u00e4hlt, die zu Arbeits- oder Ausbildungszwecken nach Rimini kommen. Das Vorhandensein eines gut ausgestatteten Versammlungsraums in der Einrichtung kommt den Unternehmen und den Auszubildenden zugute, die Versammlungen oder kleine Veranstaltungen organisieren m\u00f6chten, ohne die Logistik der Anreise einplanen zu m\u00fcssen.<br \/>\nDie N\u00e4he zur Fiera und zum Palacongressi von Rimini, die in wenigen Minuten mit dem Auto zu erreichen sind, ist ein gro\u00dfer Vorteil des Hotels Parioli f\u00fcr alle, die zu Veranstaltungen und Messen in die Stadt kommen.<\/p>\n<h3>Was f\u00fchrt Sie nach Rimini? In welchem Zeitraum werden Sie sich aufhalten? Finden Sie Ihr Angebot.<\/h3>\n","protected":false},"excerpt":{"rendered":"<p>Auch au\u00dferhalb der Saison k\u00f6nnen Sie in Rimini viele Schn\u00e4ppchen machen! Wenn der Sommer in Rimini als unumg\u00e4ngliche Jahreszeit mit Sonne, Meer und einem breiten, goldenen Sandstrand bekannt ist, dann sollte man diese Perle der Romagna auch zu anderen Jahreszeiten besuchen. Eine pulsierende Stadt voller Termine und Veranstaltungen, historischer St\u00e4tten, die man besichtigen kann, und ein Hinterland voller kultureller und gastronomischer Spitzenleistungen. Bringt die Arbeit Sie an die Riviera? Im &#8230;<\/p>\n","protected":false},"author":1,"featured_media":0,"parent":0,"menu_order":0,"comment_status":"closed","ping_status":"closed","template":"template\/template.offerte.php","meta":{"_acf_changed":false},"class_list":["post-3941","page","type-page","status-publish","hentry"],"acf":[],"_links":{"self":[{"href":"https:\/\/www.hotelpariolirimini.it\/de\/wp-json\/wp\/v2\/pages\/3941","targetHints":{"allow":["GET"]}}],"collection":[{"href":"https:\/\/www.hotelpariolirimini.it\/de\/wp-json\/wp\/v2\/pages"}],"about":[{"href":"https:\/\/www.hotelpariolirimini.it\/de\/wp-json\/wp\/v2\/types\/page"}],"author":[{"embeddable":true,"href":"https:\/\/www.hotelpariolirimini.it\/de\/wp-json\/wp\/v2\/users\/1"}],"replies":[{"embeddable":true,"href":"https:\/\/www.hotelpariolirimini.it\/de\/wp-json\/wp\/v2\/comments?post=3941"}],"version-history":[{"count":0,"href":"https:\/\/www.hotelpariolirimini.it\/de\/wp-json\/wp\/v2\/pages\/3941\/revisions"}],"wp:attachment":[{"href":"https:\/\/www.hotelpariolirimini.it\/de\/wp-json\/wp\/v2\/media?parent=3941"}],"curies":[{"name":"wp","href":"https:\/\/api.w.org\/{rel}","templated":true}]}}