{"id":2242,"date":"2018-09-05T10:49:59","date_gmt":"2018-09-05T08:49:59","guid":{"rendered":"https:\/\/www.hotelpariolirimini.it\/dati-societari\/"},"modified":"2024-01-24T16:33:33","modified_gmt":"2024-01-24T15:33:33","slug":"donnees-sur-la-societe","status":"publish","type":"page","link":"https:\/\/www.hotelpariolirimini.it\/fr\/donnees-sur-la-societe\/","title":{"rendered":"Donn\u00e9es sur la soci\u00e9t\u00e9"},"content":{"rendered":"<p><strong>Donn\u00e9es sur la soci\u00e9t\u00e9 Parioli Hotel Rimini:<\/strong><\/p>\n<p>D\u00e9nomination et raison sociale: TONI HOTELS s.r.l<br \/>\nSi\u00e8ge l\u00e9gal: Viale Regina Elena, n\u00b024. CAP 47921, Rimini (RN)<br \/>\nBureau registre des entreprises: Registro imprese della Romagna, Forl\u00ec-Cesena, Rimini<br \/>\nDate acte de constitution: 29\/12\/1988<br \/>\nDate inscription au registre des entreprises: 12\/02\/1996<br \/>\nCode d\u2019identification fiscale et n\u00b0 TVA: 01969820404<br \/>\nCourrier \u00e9lectronique certifi\u00e9 (PEC): gruppotoni@maxpec.it<br \/>\nNum\u00e9ro R\u00e9pertoire \u00e9conomique administratif (Rea): RN-230506<\/p>\n","protected":false},"excerpt":{"rendered":"<p>Donn\u00e9es sur la soci\u00e9t\u00e9 Parioli Hotel Rimini: D\u00e9nomination et raison sociale: TONI HOTELS s.r.l Si\u00e8ge l\u00e9gal: Viale Regina Elena, n\u00b024. CAP 47921, Rimini (RN) Bureau registre des entreprises: Registro imprese della Romagna, Forl\u00ec-Cesena, Rimini Date acte de constitution: 29\/12\/1988 Date inscription au registre des entreprises: 12\/02\/1996 Code d\u2019identification fiscale et n\u00b0 TVA: 01969820404 Courrier \u00e9lectronique certifi\u00e9 (PEC): gruppotoni@maxpec.it Num\u00e9ro R\u00e9pertoire \u00e9conomique administratif (Rea): RN-230506<\/p>\n","protected":false},"author":1,"featured_media":0,"parent":0,"menu_order":0,"comment_status":"closed","ping_status":"closed","template":"","meta":{"_acf_changed":false},"class_list":["post-2242","page","type-page","status-publish","hentry"],"acf":[],"_links":{"self":[{"href":"https:\/\/www.hotelpariolirimini.it\/fr\/wp-json\/wp\/v2\/pages\/2242","targetHints":{"allow":["GET"]}}],"collection":[{"href":"https:\/\/www.hotelpariolirimini.it\/fr\/wp-json\/wp\/v2\/pages"}],"about":[{"href":"https:\/\/www.hotelpariolirimini.it\/fr\/wp-json\/wp\/v2\/types\/page"}],"author":[{"embeddable":true,"href":"https:\/\/www.hotelpariolirimini.it\/fr\/wp-json\/wp\/v2\/users\/1"}],"replies":[{"embeddable":true,"href":"https:\/\/www.hotelpariolirimini.it\/fr\/wp-json\/wp\/v2\/comments?post=2242"}],"version-history":[{"count":0,"href":"https:\/\/www.hotelpariolirimini.it\/fr\/wp-json\/wp\/v2\/pages\/2242\/revisions"}],"wp:attachment":[{"href":"https:\/\/www.hotelpariolirimini.it\/fr\/wp-json\/wp\/v2\/media?parent=2242"}],"curies":[{"name":"wp","href":"https:\/\/api.w.org\/{rel}","templated":true}]}}