{"id":2656,"date":"2017-01-19T15:59:32","date_gmt":"2017-01-19T14:59:32","guid":{"rendered":"https:\/\/www.hotelpariolirimini.it\/privacy\/"},"modified":"2020-05-11T11:46:02","modified_gmt":"2020-05-11T09:46:02","slug":"privacy","status":"publish","type":"page","link":"https:\/\/www.hotelpariolirimini.it\/fr\/privacy\/","title":{"rendered":"Politique de confidentialit\u00e9"},"content":{"rendered":"<p>En application du d\u00e9cret-loi N. 193\/2003 et modifications suivantes, voici quelques informations sur l\u2019utilisation de vos donn\u00e9es personnelles.<\/p>\n<ul>\n<li>Vos donn\u00e9es seront trait\u00e9es exclusivement dans le seul but de fournir le service demand\u00e9. Si vous y opposez, nous ne sommes plus en mesure de vous le fournir.<\/li>\n<li>Il est entendu qu\u2019en remplissant et en envoyant le formulaire, vous acceptez express\u00e9ment que vos donn\u00e9es soient trait\u00e9es et transmises par l\u2019Hotel Parioli \u00e0 ses fournisseurs ou entreprises qui collaborent avec l\u2019h\u00f4tel pour fournir le service demand\u00e9.<\/li>\n<li>Vos donn\u00e9es seront trait\u00e9es avec des outils informatiques et t\u00e9l\u00e9matiques.<\/li>\n<li>Les informations que vous nous communiquez ne sont jamais confi\u00e9es \u00e0 des tiers sans votre autorisation sauf exceptions pr\u00e9vues par la loi<\/li>\n<li>Vous pouvez exercer vos droits selon l\u2019article 7 du d\u00e9cret-loi N. 193\/2003, en voici quelques-uns synth\u00e9tis\u00e9s.<\/li>\n<li>Ne pas indiquer vos donn\u00e9es sensibles soit les donn\u00e9es \u00e0 caract\u00e8re personnel qui font appara\u00eetre, directement ou indirectement, les origines raciales ou ethniques, les opinions politiques, philosophiques ou religieuses ou l\u2019appartenance syndicale des personnes, ou qui sont relatives \u00e0 leur sant\u00e9 ou \u00e0 leur vie sexuelle car l\u2019Hotel Parioli n\u2019a pas l\u2019autorisation de les traiter aux termes de l\u2019article 22 du d\u00e9cret-loi N. 193\/2003<\/li>\n<\/ul>\n<p><strong>Donn\u00e9es personnelles<\/strong><\/p>\n<p>Le d\u00e9cret-loi N. 193\/2003 (ci-apr\u00e8s : \u201cLoi\u201d) r\u00e8glemente le traitement des donn\u00e9es personnelles. Les donn\u00e9es personnelles sont des informations concernant la personne physique ou juridique, organisme ou association (ci-apr\u00e8s : \u201cl\u2019int\u00e9ress\u00e9\u201d) permettant d\u2019identifier directement ou indirectement l\u2019int\u00e9ress\u00e9.<\/p>\n<p><strong>Le traitement des donn\u00e9es personnelles signifie :<\/strong><\/p>\n<ul>\n<li>collecte, enregistrement, organisation et conservation ;<\/li>\n<li>\u00e9laboration, s\u00e9lection, extraction et comparaison ;<\/li>\n<li>modification, blocage, suppression et destruction.<\/li>\n<\/ul>\n<p>Cette loi pr\u00e9voit pour ces traitements l\u2019autorisation formelle de l\u2019int\u00e9ress\u00e9. La figure du garant est institu\u00e9e selon la loi, un organe coll\u00e9gial pr\u00e9pos\u00e9 \u00e0 la protection des sujets pour ce qui concerne le traitement des donn\u00e9es personnelles. L\u2019int\u00e9ress\u00e9 doit aussi \u00eatre inform\u00e9 sur les contenus de la loi et notamment sur ses droits ; ces informations sont \u00e0 ce propos r\u00e9sum\u00e9es dans l\u2019information ci-dessous.<\/p>\n<p><strong>Droits de l\u2019int\u00e9ress\u00e9<\/strong><br \/>\nL\u2019art. 7 de la loi attribue \u00e0 l\u2019int\u00e9ress\u00e9 des droits sp\u00e9cifiques. L\u2019int\u00e9ress\u00e9 a le droit d\u2019obtenir des informations quant \u00e0 l\u2019existence \u00e9ventuelle de donn\u00e9es \u00e0 caract\u00e8re personnel le concernant, ainsi que de recevoir ces informations sous forme intelligible. L\u2019int\u00e9ress\u00e9 a le droit de conna\u00eetre l\u2019origine des donn\u00e9es \u00e0 caract\u00e8re personnel, la logique employ\u00e9e en cas de traitement des donn\u00e9es faisant appel \u00e0 des outils \u00e9lectroniques, l\u2019int\u00e9ress\u00e9 a le droit d\u2019obtenir la mise \u00e0 jour, la correction ou l\u2019int\u00e9gration des donn\u00e9es, de demander la suppression de ses donn\u00e9es, d\u2019en conserver l\u2019anonymat ou de les bloquer si elles sont utilis\u00e9es en infraction \u00e0 la loi.<br \/>\nPour la suppression des donn\u00e9es personnelles utilis\u00e9es par l\u2019 Hotel Parioli, envoyez un email \u00e0 : parioli@tonihotels.it, avec la demande de supprimer vos donn\u00e9es.<\/p>\n<p><strong>Titulaire et responsables<\/strong><br \/>\nLe titulaire du traitement des donn\u00e9es personnelles est l\u2019Hotel Parioli, en la figure de son repr\u00e9sentant l\u00e9gal.<\/p>\n","protected":false},"excerpt":{"rendered":"<p>En application du d\u00e9cret-loi N. 193\/2003 et modifications suivantes, voici quelques informations sur l\u2019utilisation de vos donn\u00e9es personnelles. Vos donn\u00e9es seront trait\u00e9es exclusivement dans le seul but de fournir le service demand\u00e9. Si vous y opposez, nous ne sommes plus en mesure de vous le fournir. Il est entendu qu\u2019en remplissant et en envoyant le formulaire, vous acceptez express\u00e9ment que vos donn\u00e9es soient trait\u00e9es et transmises par l\u2019Hotel Parioli \u00e0 &#8230;<\/p>\n","protected":false},"author":1,"featured_media":0,"parent":0,"menu_order":0,"comment_status":"closed","ping_status":"closed","template":"","meta":{"_acf_changed":false},"class_list":["post-2656","page","type-page","status-publish","hentry"],"acf":[],"_links":{"self":[{"href":"https:\/\/www.hotelpariolirimini.it\/fr\/wp-json\/wp\/v2\/pages\/2656","targetHints":{"allow":["GET"]}}],"collection":[{"href":"https:\/\/www.hotelpariolirimini.it\/fr\/wp-json\/wp\/v2\/pages"}],"about":[{"href":"https:\/\/www.hotelpariolirimini.it\/fr\/wp-json\/wp\/v2\/types\/page"}],"author":[{"embeddable":true,"href":"https:\/\/www.hotelpariolirimini.it\/fr\/wp-json\/wp\/v2\/users\/1"}],"replies":[{"embeddable":true,"href":"https:\/\/www.hotelpariolirimini.it\/fr\/wp-json\/wp\/v2\/comments?post=2656"}],"version-history":[{"count":0,"href":"https:\/\/www.hotelpariolirimini.it\/fr\/wp-json\/wp\/v2\/pages\/2656\/revisions"}],"wp:attachment":[{"href":"https:\/\/www.hotelpariolirimini.it\/fr\/wp-json\/wp\/v2\/media?parent=2656"}],"curies":[{"name":"wp","href":"https:\/\/api.w.org\/{rel}","templated":true}]}}