{"id":3840,"date":"2020-05-08T12:08:08","date_gmt":"2020-05-08T10:08:08","guid":{"rendered":"https:\/\/www.hotelpariolirimini.it\/business\/"},"modified":"2023-06-22T18:02:37","modified_gmt":"2023-06-22T16:02:37","slug":"business","status":"publish","type":"page","link":"https:\/\/www.hotelpariolirimini.it\/fr\/business\/","title":{"rendered":"Votre Business Hotel \u00e0 Rimini"},"content":{"rendered":"<h2>Toutes les commodit\u00e9s dont vous avez besoin pour vos voyages d&rsquo;affaires<\/h2>\n<h3>Vous souhaitez retrouver en d\u00e9placement la m\u00eame efficacit\u00e9 qu\u2019au bureau?<\/h3>\n<p>L&rsquo;Hotel Parioli offre \u00e9galement une solution id\u00e9ale pour les voyageurs d\u2019affaires, productifs et connect\u00e9s \u00e0 tout moment de la journ\u00e9e.<br \/>\nVous vous rendez \u00e0 Rimini pour participer \u00e0 un salon ou \u00e0 un \u00e9v\u00e9nement professionnel ? L\u2019ensemble des chambres et appartements de l&rsquo;Hotel Parioli offre <strong>une connexion Wi-Fi<\/strong> haut d\u00e9bit et dispose d\u2019un bureau pour installer votre poste de travail en distanciel.<br \/>\n<strong>Le Palacongressi est situ\u00e9 \u00e0 1,5 km et la Fiera di Rimini \u00e0 4,5 km.<\/strong><br \/>\n\u00c0 disposition de tous les clients de l\u2019Hotel Parioli, <strong>parking priv\u00e9<\/strong> pour garder leur v\u00e9hicule \u00e0 port\u00e9e de main en toute commodit\u00e9.<br \/>\nL\u2019Hotel propose \u00e9galement la<strong> location sur place, gratuite, de city bikes.<\/strong><\/p>\n<p>L&rsquo;\u00e9tablissement dispose \u00e9galement <strong>d\u2019une salle de conf\u00e9rences, enti\u00e8rement \u00e9quip\u00e9e<\/strong> pour l\u2019organisation de s\u00e9minaires, r\u00e9unions et formations.<\/p>\n<h3>LA SALLE BUSINESS pour vos \u00e9v\u00e9nements<\/h3>\n<p><strong>La salle de conf\u00e9rence de l\u2019Hotel Parioli<\/strong> vous permet d\u2019organiser vos r\u00e9unions d&rsquo;affaires et accueillir les participants dans un environnement spacieux, finement d\u00e9cor\u00e9, confortable et agr\u00e9able.<br \/>\nParfaitement \u00e9quip\u00e9e, la salle permet de r\u00e9pondre \u00e0 tous les types<strong> de demandes et peut \u00e9galement \u00eatre modul\u00e9e<\/strong> pour am\u00e9nager un espace d&rsquo;exposition ou de restauration.<br \/>\nNotre \u00e9quipe se fera un plaisir de concevoir votre \u00e9v\u00e9nement et de vous accompagner dans toutes les phases de l&rsquo;organisation. <strong>\u00c0 disposition: \u00e9cran, vid\u00e9oprojecteur, table de mixage, micros, paperboard, papeterie, desk d&rsquo;accueil.\u00a0<\/strong><br \/>\nSur demande, organisation de petits-d\u00e9jeuners d&rsquo;affaires, <strong>coffee break<\/strong> avec caf\u00e9t\u00e9ria express,<strong> jus de fruits,<\/strong> assortiment de <strong>p\u00e2tisseries<\/strong> sucr\u00e9es et sal\u00e9es; <strong>service ap\u00e9ritifs et d\u00eeners d&rsquo;entreprise.<\/strong><\/p>\n<div id='gallery-1' class='gallery galleryid-3840 gallery-columns-4 gallery-size-large'><figure class='gallery-item'>\n\t\t\t<div class='gallery-icon landscape'>\n\t\t\t\t<a href='https:\/\/www.hotelpariolirimini.it\/fr\/business\/sala-topazio-gallery-2\/' data-size=\"1024x1024\"><img loading=\"lazy\" decoding=\"async\" width=\"1024\" height=\"1024\" src=\"https:\/\/www.hotelpariolirimini.it\/wp-content\/uploads\/2023\/06\/SALA-TOPAZIO-GALLERY.jpg\" class=\"attachment-large size-large\" alt=\"sala congressi parioli\" srcset=\"https:\/\/www.hotelpariolirimini.it\/wp-content\/uploads\/2023\/06\/SALA-TOPAZIO-GALLERY.jpg 1024w, https:\/\/www.hotelpariolirimini.it\/wp-content\/uploads\/2023\/06\/SALA-TOPAZIO-GALLERY-300x300.jpg 300w, https:\/\/www.hotelpariolirimini.it\/wp-content\/uploads\/2023\/06\/SALA-TOPAZIO-GALLERY-150x150.jpg 150w, https:\/\/www.hotelpariolirimini.it\/wp-content\/uploads\/2023\/06\/SALA-TOPAZIO-GALLERY-768x768.jpg 768w, https:\/\/www.hotelpariolirimini.it\/wp-content\/uploads\/2023\/06\/SALA-TOPAZIO-GALLERY-57x57.jpg 57w, https:\/\/www.hotelpariolirimini.it\/wp-content\/uploads\/2023\/06\/SALA-TOPAZIO-GALLERY-72x72.jpg 72w, https:\/\/www.hotelpariolirimini.it\/wp-content\/uploads\/2023\/06\/SALA-TOPAZIO-GALLERY-114x114.jpg 114w, https:\/\/www.hotelpariolirimini.it\/wp-content\/uploads\/2023\/06\/SALA-TOPAZIO-GALLERY-144x144.jpg 144w\" sizes=\"auto, (max-width: 1024px) 100vw, 1024px\" \/><\/a>\n\t\t\t<\/div><\/figure><figure class='gallery-item'>\n\t\t\t<div class='gallery-icon landscape'>\n\t\t\t\t<a href='https:\/\/www.hotelpariolirimini.it\/fr\/business\/sala-topazio-gallery-2-2\/' data-size=\"1024x1024\"><img loading=\"lazy\" decoding=\"async\" width=\"1024\" height=\"1024\" src=\"https:\/\/www.hotelpariolirimini.it\/wp-content\/uploads\/2023\/06\/SALA-TOPAZIO-GALLERY-2.jpg\" class=\"attachment-large size-large\" alt=\"sala congressi parioli\" srcset=\"https:\/\/www.hotelpariolirimini.it\/wp-content\/uploads\/2023\/06\/SALA-TOPAZIO-GALLERY-2.jpg 1024w, https:\/\/www.hotelpariolirimini.it\/wp-content\/uploads\/2023\/06\/SALA-TOPAZIO-GALLERY-2-300x300.jpg 300w, https:\/\/www.hotelpariolirimini.it\/wp-content\/uploads\/2023\/06\/SALA-TOPAZIO-GALLERY-2-150x150.jpg 150w, https:\/\/www.hotelpariolirimini.it\/wp-content\/uploads\/2023\/06\/SALA-TOPAZIO-GALLERY-2-768x768.jpg 768w, https:\/\/www.hotelpariolirimini.it\/wp-content\/uploads\/2023\/06\/SALA-TOPAZIO-GALLERY-2-57x57.jpg 57w, https:\/\/www.hotelpariolirimini.it\/wp-content\/uploads\/2023\/06\/SALA-TOPAZIO-GALLERY-2-72x72.jpg 72w, https:\/\/www.hotelpariolirimini.it\/wp-content\/uploads\/2023\/06\/SALA-TOPAZIO-GALLERY-2-114x114.jpg 114w, https:\/\/www.hotelpariolirimini.it\/wp-content\/uploads\/2023\/06\/SALA-TOPAZIO-GALLERY-2-144x144.jpg 144w\" sizes=\"auto, (max-width: 1024px) 100vw, 1024px\" \/><\/a>\n\t\t\t<\/div><\/figure><figure class='gallery-item'>\n\t\t\t<div class='gallery-icon landscape'>\n\t\t\t\t<a href='https:\/\/www.hotelpariolirimini.it\/fr\/business\/sala-topazio-gallery-3-2\/' data-size=\"1024x1024\"><img loading=\"lazy\" decoding=\"async\" width=\"1024\" height=\"1024\" src=\"https:\/\/www.hotelpariolirimini.it\/wp-content\/uploads\/2023\/06\/SALA-TOPAZIO-GALLERY-3.jpg\" class=\"attachment-large size-large\" alt=\"sala congressi parioli\" srcset=\"https:\/\/www.hotelpariolirimini.it\/wp-content\/uploads\/2023\/06\/SALA-TOPAZIO-GALLERY-3.jpg 1024w, https:\/\/www.hotelpariolirimini.it\/wp-content\/uploads\/2023\/06\/SALA-TOPAZIO-GALLERY-3-300x300.jpg 300w, https:\/\/www.hotelpariolirimini.it\/wp-content\/uploads\/2023\/06\/SALA-TOPAZIO-GALLERY-3-150x150.jpg 150w, https:\/\/www.hotelpariolirimini.it\/wp-content\/uploads\/2023\/06\/SALA-TOPAZIO-GALLERY-3-768x768.jpg 768w, https:\/\/www.hotelpariolirimini.it\/wp-content\/uploads\/2023\/06\/SALA-TOPAZIO-GALLERY-3-57x57.jpg 57w, https:\/\/www.hotelpariolirimini.it\/wp-content\/uploads\/2023\/06\/SALA-TOPAZIO-GALLERY-3-72x72.jpg 72w, https:\/\/www.hotelpariolirimini.it\/wp-content\/uploads\/2023\/06\/SALA-TOPAZIO-GALLERY-3-114x114.jpg 114w, https:\/\/www.hotelpariolirimini.it\/wp-content\/uploads\/2023\/06\/SALA-TOPAZIO-GALLERY-3-144x144.jpg 144w\" sizes=\"auto, (max-width: 1024px) 100vw, 1024px\" \/><\/a>\n\t\t\t<\/div><\/figure><figure class='gallery-item'>\n\t\t\t<div class='gallery-icon landscape'>\n\t\t\t\t<a href='https:\/\/www.hotelpariolirimini.it\/fr\/business\/sala-topazio-gallery-4-2\/' data-size=\"1024x1024\"><img loading=\"lazy\" decoding=\"async\" width=\"1024\" height=\"1024\" src=\"https:\/\/www.hotelpariolirimini.it\/wp-content\/uploads\/2023\/06\/SALA-TOPAZIO-GALLERY-4.jpg\" class=\"attachment-large size-large\" alt=\"sala congressi parioli\" srcset=\"https:\/\/www.hotelpariolirimini.it\/wp-content\/uploads\/2023\/06\/SALA-TOPAZIO-GALLERY-4.jpg 1024w, https:\/\/www.hotelpariolirimini.it\/wp-content\/uploads\/2023\/06\/SALA-TOPAZIO-GALLERY-4-300x300.jpg 300w, https:\/\/www.hotelpariolirimini.it\/wp-content\/uploads\/2023\/06\/SALA-TOPAZIO-GALLERY-4-150x150.jpg 150w, https:\/\/www.hotelpariolirimini.it\/wp-content\/uploads\/2023\/06\/SALA-TOPAZIO-GALLERY-4-768x768.jpg 768w, https:\/\/www.hotelpariolirimini.it\/wp-content\/uploads\/2023\/06\/SALA-TOPAZIO-GALLERY-4-57x57.jpg 57w, https:\/\/www.hotelpariolirimini.it\/wp-content\/uploads\/2023\/06\/SALA-TOPAZIO-GALLERY-4-72x72.jpg 72w, https:\/\/www.hotelpariolirimini.it\/wp-content\/uploads\/2023\/06\/SALA-TOPAZIO-GALLERY-4-114x114.jpg 114w, https:\/\/www.hotelpariolirimini.it\/wp-content\/uploads\/2023\/06\/SALA-TOPAZIO-GALLERY-4-144x144.jpg 144w\" sizes=\"auto, (max-width: 1024px) 100vw, 1024px\" \/><\/a>\n\t\t\t<\/div><\/figure>\n\t\t<\/div>\n\n","protected":false},"excerpt":{"rendered":"<p>Toutes les commodit\u00e9s dont vous avez besoin pour vos voyages d&rsquo;affaires Vous souhaitez retrouver en d\u00e9placement la m\u00eame efficacit\u00e9 qu\u2019au bureau? L&rsquo;Hotel Parioli offre \u00e9galement une solution id\u00e9ale pour les voyageurs d\u2019affaires, productifs et connect\u00e9s \u00e0 tout moment de la journ\u00e9e. Vous vous rendez \u00e0 Rimini pour participer \u00e0 un salon ou \u00e0 un \u00e9v\u00e9nement professionnel ? L\u2019ensemble des chambres et appartements de l&rsquo;Hotel Parioli offre une connexion Wi-Fi haut &#8230;<\/p>\n","protected":false},"author":1,"featured_media":0,"parent":0,"menu_order":0,"comment_status":"closed","ping_status":"closed","template":"","meta":{"_acf_changed":false},"class_list":["post-3840","page","type-page","status-publish","hentry"],"acf":[],"_links":{"self":[{"href":"https:\/\/www.hotelpariolirimini.it\/fr\/wp-json\/wp\/v2\/pages\/3840","targetHints":{"allow":["GET"]}}],"collection":[{"href":"https:\/\/www.hotelpariolirimini.it\/fr\/wp-json\/wp\/v2\/pages"}],"about":[{"href":"https:\/\/www.hotelpariolirimini.it\/fr\/wp-json\/wp\/v2\/types\/page"}],"author":[{"embeddable":true,"href":"https:\/\/www.hotelpariolirimini.it\/fr\/wp-json\/wp\/v2\/users\/1"}],"replies":[{"embeddable":true,"href":"https:\/\/www.hotelpariolirimini.it\/fr\/wp-json\/wp\/v2\/comments?post=3840"}],"version-history":[{"count":0,"href":"https:\/\/www.hotelpariolirimini.it\/fr\/wp-json\/wp\/v2\/pages\/3840\/revisions"}],"wp:attachment":[{"href":"https:\/\/www.hotelpariolirimini.it\/fr\/wp-json\/wp\/v2\/media?parent=3840"}],"curies":[{"name":"wp","href":"https:\/\/api.w.org\/{rel}","templated":true}]}}