{"id":3884,"date":"2023-05-10T11:43:21","date_gmt":"2023-05-10T09:43:21","guid":{"rendered":"https:\/\/www.hotelpariolirimini.it\/?page_id=3884"},"modified":"2023-05-10T12:54:32","modified_gmt":"2023-05-10T10:54:32","slug":"vacances-sur-la-riviera-romagnole","status":"publish","type":"page","link":"https:\/\/www.hotelpariolirimini.it\/fr\/vacances-sur-la-riviera-romagnole\/","title":{"rendered":"Des vacances de pur plaisir sur la Riviera Romagnole"},"content":{"rendered":"<h2>\u00c0 partager avec ceux que vous aimez, dans le plus grand confort<\/h2>\n<p>Dynamique et p\u00e9tillante, Rimini ne se repose jamais sur ses lauriers et fait tout pour vous s\u00e9duire, \u00e9t\u00e9 comme hiver. Manifestations culturelles, \u00e9v\u00e9nements sportifs, concerts et mille autres occasions de vivre la Riviera Adriatique en compagnie des personnes que vous aimez.<br \/>\nL&rsquo;Hotel Parioli vous offre toujours une solution sur mesure et toute l&rsquo;attention que vous m\u00e9ritez pour vous faire vivre un s\u00e9jour d\u2019exception.<\/p>\n<h3>Vous voyagez en famille?<\/h3>\n<p>Pour les familles qui voyagent avec enfants, le personnel du Parioli r\u00e9unit tous les ingr\u00e9dients dont elles ont besoin, directement dans leur chambre ou leur appartement.<br \/>\nLit enfant, barri\u00e8res de s\u00e9curit\u00e9, baignoire, table \u00e0 langer et chaise haute.<\/p>\n<h3>Vous accompagnez une personne \u00e0 mobilit\u00e9 r\u00e9duite?<\/h3>\n<p>Toutes les chambres de l&rsquo;Hotel Parioli sont accessibles aux personnes \u00e0 mobilit\u00e9 r\u00e9duite afin d&rsquo;offrir un maximum de confort \u00e0 nos h\u00f4tes en fauteuil roulant. L&rsquo;h\u00f4tel est \u00e9quip\u00e9 d&rsquo;un ascenseur et certaines suites sont express\u00e9ment d\u00e9di\u00e9es aux personnes en situation de handicap.<\/p>\n<h3>Vous voyagez avec votre animal de compagnie?<\/h3>\n<p>Il est le bienvenu ! \u00c0 proximit\u00e9 de l&rsquo;Hotel Parioli, vous trouverez une aire de jeux pour chiens et une clinique v\u00e9t\u00e9rinaire \u00e0 moins de deux kilom\u00e8tres.<br \/>\nDe nombreuses plages de Rimini sont am\u00e9nag\u00e9es pour accueillir les chiens.<\/p>\n<h3>Vous voyagez en voiture?<\/h3>\n<p>Un parking est disponible directement sur place, avec emplacement r\u00e9serv\u00e9 pour tous les clients.<\/p>\n","protected":false},"excerpt":{"rendered":"<p>\u00c0 partager avec ceux que vous aimez, dans le plus grand confort Dynamique et p\u00e9tillante, Rimini ne se repose jamais sur ses lauriers et fait tout pour vous s\u00e9duire, \u00e9t\u00e9 comme hiver. Manifestations culturelles, \u00e9v\u00e9nements sportifs, concerts et mille autres occasions de vivre la Riviera Adriatique en compagnie des personnes que vous aimez. L&rsquo;Hotel Parioli vous offre toujours une solution sur mesure et toute l&rsquo;attention que vous m\u00e9ritez pour vous &#8230;<\/p>\n","protected":false},"author":1,"featured_media":0,"parent":0,"menu_order":0,"comment_status":"closed","ping_status":"closed","template":"","meta":{"_acf_changed":false},"class_list":["post-3884","page","type-page","status-publish","hentry"],"acf":[],"_links":{"self":[{"href":"https:\/\/www.hotelpariolirimini.it\/fr\/wp-json\/wp\/v2\/pages\/3884","targetHints":{"allow":["GET"]}}],"collection":[{"href":"https:\/\/www.hotelpariolirimini.it\/fr\/wp-json\/wp\/v2\/pages"}],"about":[{"href":"https:\/\/www.hotelpariolirimini.it\/fr\/wp-json\/wp\/v2\/types\/page"}],"author":[{"embeddable":true,"href":"https:\/\/www.hotelpariolirimini.it\/fr\/wp-json\/wp\/v2\/users\/1"}],"replies":[{"embeddable":true,"href":"https:\/\/www.hotelpariolirimini.it\/fr\/wp-json\/wp\/v2\/comments?post=3884"}],"version-history":[{"count":0,"href":"https:\/\/www.hotelpariolirimini.it\/fr\/wp-json\/wp\/v2\/pages\/3884\/revisions"}],"wp:attachment":[{"href":"https:\/\/www.hotelpariolirimini.it\/fr\/wp-json\/wp\/v2\/media?parent=3884"}],"curies":[{"name":"wp","href":"https:\/\/api.w.org\/{rel}","templated":true}]}}