{"id":3904,"date":"2023-05-10T14:29:14","date_gmt":"2023-05-10T12:29:14","guid":{"rendered":"https:\/\/www.hotelpariolirimini.it\/?page_id=3904"},"modified":"2025-09-30T11:56:15","modified_gmt":"2025-09-30T09:56:15","slug":"situation-rimini-marina-centre","status":"publish","type":"page","link":"https:\/\/www.hotelpariolirimini.it\/fr\/situation-rimini-marina-centre\/","title":{"rendered":"Dans le c\u0153ur de Rimini, qui autorise tous les d\u00e9placements \u00e0 pied"},"content":{"rendered":"<h2>Vacances ou s\u00e9jour d&rsquo;affaires, Marina Centro \u00e0 Rimini est l&rsquo;endroit id\u00e9al.<\/h2>\n<p>Marina Centro,<strong> le salon historique de la Rimini estivale,<\/strong> est le versant maritime du centre-ville, <strong>propice en soir\u00e9e \u00e0 d\u2019\u00e9l\u00e9gantes promenades parmi les bars branch\u00e9s et les boutiques \u00e0 la mode.<\/strong><br \/>\nL&rsquo;Hotel Parioli est situ\u00e9 viale Vittorio Veneto, <strong>dans un paisible quartier r\u00e9sidentiel,<\/strong> \u00e0 250 m de la plage.<br \/>\nSi vous recherchez un <strong>h\u00f4tel pratique \u00e0 proximit\u00e9 de la gare<\/strong>, l&rsquo;H\u00f4tel Parioli est la solution id\u00e9ale : strat\u00e9giquement situ\u00e9 \u00e0 seulement 400 m\u00e8tres.<\/p>\n<p><strong>Ici, tout est \u00e0 port\u00e9e de main pour un s\u00e9jour confortable en toute s\u00e9r\u00e9nit\u00e9.<\/strong><br \/>\nQuelques minutes \u00e0 pied ou \u00e0 v\u00e9lo suffisent pour gagner la plage et s\u2019enivrer des embruns, s\u2019adonner au shopping dans les plus belles boutiques ou partir \u00e0 la d\u00e9couverte des merveilles de Rimini, comme son centre-ville avec ses vestiges romains et m\u00e9di\u00e9vaux, ou le pittoresque village de San Giuliano, un ancien bourg de p\u00eacheurs, lieu de naissance de Federico Fellini.<\/p>\n<p>Si vous \u00eates sur la Riviera romagnole pour affaires, l&rsquo;Hotel Parioli est situ\u00e9 \u00e0 4 km du Centre d\u2019expositions <strong>(Fiera di Rimini),<\/strong> accessible en 10 minutes en voiture, et \u00e0 un peu plus d&rsquo;un kilom\u00e8tre du <strong>Palais des Congr\u00e8s<\/strong> qui accueille \u00e9v\u00e9nements, expositions et conf\u00e9rences de niveau international.<\/p>\n","protected":false},"excerpt":{"rendered":"<p>Vacances ou s\u00e9jour d&rsquo;affaires, Marina Centro \u00e0 Rimini est l&rsquo;endroit id\u00e9al. Marina Centro, le salon historique de la Rimini estivale, est le versant maritime du centre-ville, propice en soir\u00e9e \u00e0 d\u2019\u00e9l\u00e9gantes promenades parmi les bars branch\u00e9s et les boutiques \u00e0 la mode. L&rsquo;Hotel Parioli est situ\u00e9 viale Vittorio Veneto, dans un paisible quartier r\u00e9sidentiel, \u00e0 250 m de la plage. Si vous recherchez un h\u00f4tel pratique \u00e0 proximit\u00e9 de la &#8230;<\/p>\n","protected":false},"author":1,"featured_media":0,"parent":0,"menu_order":0,"comment_status":"closed","ping_status":"closed","template":"","meta":{"_acf_changed":false},"class_list":["post-3904","page","type-page","status-publish","hentry"],"acf":[],"_links":{"self":[{"href":"https:\/\/www.hotelpariolirimini.it\/fr\/wp-json\/wp\/v2\/pages\/3904","targetHints":{"allow":["GET"]}}],"collection":[{"href":"https:\/\/www.hotelpariolirimini.it\/fr\/wp-json\/wp\/v2\/pages"}],"about":[{"href":"https:\/\/www.hotelpariolirimini.it\/fr\/wp-json\/wp\/v2\/types\/page"}],"author":[{"embeddable":true,"href":"https:\/\/www.hotelpariolirimini.it\/fr\/wp-json\/wp\/v2\/users\/1"}],"replies":[{"embeddable":true,"href":"https:\/\/www.hotelpariolirimini.it\/fr\/wp-json\/wp\/v2\/comments?post=3904"}],"version-history":[{"count":0,"href":"https:\/\/www.hotelpariolirimini.it\/fr\/wp-json\/wp\/v2\/pages\/3904\/revisions"}],"wp:attachment":[{"href":"https:\/\/www.hotelpariolirimini.it\/fr\/wp-json\/wp\/v2\/media?parent=3904"}],"curies":[{"name":"wp","href":"https:\/\/api.w.org\/{rel}","templated":true}]}}