{"id":3919,"date":"2023-05-10T17:23:40","date_gmt":"2023-05-10T15:23:40","guid":{"rendered":"https:\/\/www.hotelpariolirimini.it\/?page_id=3919"},"modified":"2024-11-12T12:11:26","modified_gmt":"2024-11-12T11:11:26","slug":"petit-dejeuner","status":"publish","type":"page","link":"https:\/\/www.hotelpariolirimini.it\/fr\/petit-dejeuner\/","title":{"rendered":"Votre premier sourire de la journ\u00e9e"},"content":{"rendered":"<h2>L&rsquo;ar\u00f4me du caf\u00e9, le parfum des p\u00e2tisseries et un petit-d\u00e9jeuner copieux vous attendent tous les matins.<\/h2>\n<p><strong>Tous les h\u00f4tes de l&rsquo;Hotel Parioli<\/strong> peuvent profiter d&rsquo;un g\u00e9n\u00e9reux <strong>petit-d\u00e9jeuner buffet.<\/strong> Une invitation \u00e0 la gourmandise pour commencer la journ\u00e9e en faisant le plein d&rsquo;\u00e9nergie, avec au <strong>menu g\u00e2teaux et p\u00e2tisseries \u00e0 peine sortis du four,<\/strong> ainsi que des propositions sal\u00e9es, sous la houlette attentionn\u00e9e <strong>d\u2019Annamaria.<\/strong><br \/>\n<strong>Toutes nos p\u00e2tisseries sont \u2033maison\u2033<\/strong> et distillent \u00e0 table le d\u00e9lectable ar\u00f4me de la cuisson au four. Des menus <strong>light avec c\u00e9r\u00e9ales, yaourts et fruits de saison sont \u00e9galement propos\u00e9s.<\/strong><br \/>\nSi vous pr\u00e9f\u00e9rez le sal\u00e9, charcuterie et fromages ne manquent pas pour farcir vos sandwichs et toute la caf\u00e9t\u00e9ria est rigoureusement express.<\/p>\n<h3>Vous avez besoin de conseils pour profiter des meilleurs restaurants aux alentours?<\/h3>\n<p>Marina Centro est un quartier anim\u00e9 qui fourmille de bons restaurants mettant \u00e0 l\u2019honneur la gastronomie r\u00e9gionale.<br \/>\nLe personnel de l&rsquo;Hotel Parioli a conclu un accord <strong>avantageux avec les meilleurs restaurants des environs et saura vous conseiller un v\u00e9ritable voyage gustatif<\/strong> \u00e0 la d\u00e9couverte des saveurs typiques de la Romagne.<\/p>\n<div id='gallery-1' class='gallery galleryid-3919 gallery-columns-3 gallery-size-large'><figure class='gallery-item'>\n\t\t\t<div class='gallery-icon landscape'>\n\t\t\t\t<a href='https:\/\/www.hotelpariolirimini.it\/fr\/petit-dejeuner\/colazione-gallery-6-2\/' data-size=\"1024x1024\"><img loading=\"lazy\" decoding=\"async\" width=\"1024\" height=\"1024\" src=\"https:\/\/www.hotelpariolirimini.it\/wp-content\/uploads\/2023\/06\/colazione-gallery-6.jpg\" class=\"attachment-large size-large\" alt=\"colazione hotel parioli\" srcset=\"https:\/\/www.hotelpariolirimini.it\/wp-content\/uploads\/2023\/06\/colazione-gallery-6.jpg 1024w, https:\/\/www.hotelpariolirimini.it\/wp-content\/uploads\/2023\/06\/colazione-gallery-6-300x300.jpg 300w, https:\/\/www.hotelpariolirimini.it\/wp-content\/uploads\/2023\/06\/colazione-gallery-6-150x150.jpg 150w, https:\/\/www.hotelpariolirimini.it\/wp-content\/uploads\/2023\/06\/colazione-gallery-6-768x768.jpg 768w, https:\/\/www.hotelpariolirimini.it\/wp-content\/uploads\/2023\/06\/colazione-gallery-6-57x57.jpg 57w, https:\/\/www.hotelpariolirimini.it\/wp-content\/uploads\/2023\/06\/colazione-gallery-6-72x72.jpg 72w, https:\/\/www.hotelpariolirimini.it\/wp-content\/uploads\/2023\/06\/colazione-gallery-6-114x114.jpg 114w, https:\/\/www.hotelpariolirimini.it\/wp-content\/uploads\/2023\/06\/colazione-gallery-6-144x144.jpg 144w\" sizes=\"auto, (max-width: 1024px) 100vw, 1024px\" \/><\/a>\n\t\t\t<\/div><\/figure><figure class='gallery-item'>\n\t\t\t<div class='gallery-icon landscape'>\n\t\t\t\t<a href='https:\/\/www.hotelpariolirimini.it\/fr\/petit-dejeuner\/sala-colazione-parioli-1-2\/' data-size=\"1024x1024\"><img loading=\"lazy\" decoding=\"async\" width=\"1024\" height=\"1024\" src=\"https:\/\/www.hotelpariolirimini.it\/wp-content\/uploads\/2024\/11\/sala-colazione-parioli-1.jpg\" class=\"attachment-large size-large\" alt=\"sala colazione hotel parioli rimini\" srcset=\"https:\/\/www.hotelpariolirimini.it\/wp-content\/uploads\/2024\/11\/sala-colazione-parioli-1.jpg 1024w, https:\/\/www.hotelpariolirimini.it\/wp-content\/uploads\/2024\/11\/sala-colazione-parioli-1-300x300.jpg 300w, https:\/\/www.hotelpariolirimini.it\/wp-content\/uploads\/2024\/11\/sala-colazione-parioli-1-150x150.jpg 150w, https:\/\/www.hotelpariolirimini.it\/wp-content\/uploads\/2024\/11\/sala-colazione-parioli-1-768x768.jpg 768w, https:\/\/www.hotelpariolirimini.it\/wp-content\/uploads\/2024\/11\/sala-colazione-parioli-1-57x57.jpg 57w, https:\/\/www.hotelpariolirimini.it\/wp-content\/uploads\/2024\/11\/sala-colazione-parioli-1-72x72.jpg 72w, https:\/\/www.hotelpariolirimini.it\/wp-content\/uploads\/2024\/11\/sala-colazione-parioli-1-114x114.jpg 114w, https:\/\/www.hotelpariolirimini.it\/wp-content\/uploads\/2024\/11\/sala-colazione-parioli-1-144x144.jpg 144w\" sizes=\"auto, (max-width: 1024px) 100vw, 1024px\" \/><\/a>\n\t\t\t<\/div><\/figure><figure class='gallery-item'>\n\t\t\t<div class='gallery-icon landscape'>\n\t\t\t\t<a href='https:\/\/www.hotelpariolirimini.it\/fr\/petit-dejeuner\/sala-colazione-parioli-2-2\/' data-size=\"1024x1024\"><img loading=\"lazy\" decoding=\"async\" width=\"1024\" height=\"1024\" src=\"https:\/\/www.hotelpariolirimini.it\/wp-content\/uploads\/2024\/11\/sala-colazione-parioli-2.jpg\" class=\"attachment-large size-large\" alt=\"sala colazione hotel parioli rimini\" srcset=\"https:\/\/www.hotelpariolirimini.it\/wp-content\/uploads\/2024\/11\/sala-colazione-parioli-2.jpg 1024w, https:\/\/www.hotelpariolirimini.it\/wp-content\/uploads\/2024\/11\/sala-colazione-parioli-2-300x300.jpg 300w, https:\/\/www.hotelpariolirimini.it\/wp-content\/uploads\/2024\/11\/sala-colazione-parioli-2-150x150.jpg 150w, https:\/\/www.hotelpariolirimini.it\/wp-content\/uploads\/2024\/11\/sala-colazione-parioli-2-768x768.jpg 768w, https:\/\/www.hotelpariolirimini.it\/wp-content\/uploads\/2024\/11\/sala-colazione-parioli-2-57x57.jpg 57w, https:\/\/www.hotelpariolirimini.it\/wp-content\/uploads\/2024\/11\/sala-colazione-parioli-2-72x72.jpg 72w, https:\/\/www.hotelpariolirimini.it\/wp-content\/uploads\/2024\/11\/sala-colazione-parioli-2-114x114.jpg 114w, https:\/\/www.hotelpariolirimini.it\/wp-content\/uploads\/2024\/11\/sala-colazione-parioli-2-144x144.jpg 144w\" sizes=\"auto, (max-width: 1024px) 100vw, 1024px\" \/><\/a>\n\t\t\t<\/div><\/figure><figure class='gallery-item'>\n\t\t\t<div class='gallery-icon landscape'>\n\t\t\t\t<a href='https:\/\/www.hotelpariolirimini.it\/fr\/petit-dejeuner\/sala-colazione-parioli-3-2\/' data-size=\"1024x1024\"><img loading=\"lazy\" decoding=\"async\" width=\"1024\" height=\"1024\" src=\"https:\/\/www.hotelpariolirimini.it\/wp-content\/uploads\/2024\/11\/sala-colazione-parioli-3.jpg\" class=\"attachment-large size-large\" alt=\"sala colazione hotel parioli rimini\" srcset=\"https:\/\/www.hotelpariolirimini.it\/wp-content\/uploads\/2024\/11\/sala-colazione-parioli-3.jpg 1024w, https:\/\/www.hotelpariolirimini.it\/wp-content\/uploads\/2024\/11\/sala-colazione-parioli-3-300x300.jpg 300w, https:\/\/www.hotelpariolirimini.it\/wp-content\/uploads\/2024\/11\/sala-colazione-parioli-3-150x150.jpg 150w, https:\/\/www.hotelpariolirimini.it\/wp-content\/uploads\/2024\/11\/sala-colazione-parioli-3-768x768.jpg 768w, https:\/\/www.hotelpariolirimini.it\/wp-content\/uploads\/2024\/11\/sala-colazione-parioli-3-57x57.jpg 57w, https:\/\/www.hotelpariolirimini.it\/wp-content\/uploads\/2024\/11\/sala-colazione-parioli-3-72x72.jpg 72w, https:\/\/www.hotelpariolirimini.it\/wp-content\/uploads\/2024\/11\/sala-colazione-parioli-3-114x114.jpg 114w, https:\/\/www.hotelpariolirimini.it\/wp-content\/uploads\/2024\/11\/sala-colazione-parioli-3-144x144.jpg 144w\" sizes=\"auto, (max-width: 1024px) 100vw, 1024px\" \/><\/a>\n\t\t\t<\/div><\/figure><figure class='gallery-item'>\n\t\t\t<div class='gallery-icon landscape'>\n\t\t\t\t<a href='https:\/\/www.hotelpariolirimini.it\/fr\/petit-dejeuner\/colazione-gallery-2-2-2\/' data-size=\"1024x1024\"><img loading=\"lazy\" decoding=\"async\" width=\"1024\" height=\"1024\" src=\"https:\/\/www.hotelpariolirimini.it\/wp-content\/uploads\/2023\/06\/colazione-gallery-2-1.jpg\" class=\"attachment-large size-large\" alt=\"\" srcset=\"https:\/\/www.hotelpariolirimini.it\/wp-content\/uploads\/2023\/06\/colazione-gallery-2-1.jpg 1024w, https:\/\/www.hotelpariolirimini.it\/wp-content\/uploads\/2023\/06\/colazione-gallery-2-1-300x300.jpg 300w, https:\/\/www.hotelpariolirimini.it\/wp-content\/uploads\/2023\/06\/colazione-gallery-2-1-150x150.jpg 150w, https:\/\/www.hotelpariolirimini.it\/wp-content\/uploads\/2023\/06\/colazione-gallery-2-1-768x768.jpg 768w, https:\/\/www.hotelpariolirimini.it\/wp-content\/uploads\/2023\/06\/colazione-gallery-2-1-57x57.jpg 57w, https:\/\/www.hotelpariolirimini.it\/wp-content\/uploads\/2023\/06\/colazione-gallery-2-1-72x72.jpg 72w, https:\/\/www.hotelpariolirimini.it\/wp-content\/uploads\/2023\/06\/colazione-gallery-2-1-114x114.jpg 114w, https:\/\/www.hotelpariolirimini.it\/wp-content\/uploads\/2023\/06\/colazione-gallery-2-1-144x144.jpg 144w\" sizes=\"auto, (max-width: 1024px) 100vw, 1024px\" \/><\/a>\n\t\t\t<\/div><\/figure><figure class='gallery-item'>\n\t\t\t<div class='gallery-icon landscape'>\n\t\t\t\t<a href='https:\/\/www.hotelpariolirimini.it\/fr\/petit-dejeuner\/colazione-gallery-3-2\/' data-size=\"1024x1024\"><img loading=\"lazy\" decoding=\"async\" width=\"1024\" height=\"1024\" src=\"https:\/\/www.hotelpariolirimini.it\/wp-content\/uploads\/2023\/06\/colazione-gallery-3.jpg\" class=\"attachment-large size-large\" alt=\"colazione hotel parioli\" srcset=\"https:\/\/www.hotelpariolirimini.it\/wp-content\/uploads\/2023\/06\/colazione-gallery-3.jpg 1024w, https:\/\/www.hotelpariolirimini.it\/wp-content\/uploads\/2023\/06\/colazione-gallery-3-300x300.jpg 300w, https:\/\/www.hotelpariolirimini.it\/wp-content\/uploads\/2023\/06\/colazione-gallery-3-150x150.jpg 150w, https:\/\/www.hotelpariolirimini.it\/wp-content\/uploads\/2023\/06\/colazione-gallery-3-768x768.jpg 768w, https:\/\/www.hotelpariolirimini.it\/wp-content\/uploads\/2023\/06\/colazione-gallery-3-57x57.jpg 57w, https:\/\/www.hotelpariolirimini.it\/wp-content\/uploads\/2023\/06\/colazione-gallery-3-72x72.jpg 72w, https:\/\/www.hotelpariolirimini.it\/wp-content\/uploads\/2023\/06\/colazione-gallery-3-114x114.jpg 114w, https:\/\/www.hotelpariolirimini.it\/wp-content\/uploads\/2023\/06\/colazione-gallery-3-144x144.jpg 144w\" sizes=\"auto, (max-width: 1024px) 100vw, 1024px\" \/><\/a>\n\t\t\t<\/div><\/figure><figure class='gallery-item'>\n\t\t\t<div class='gallery-icon landscape'>\n\t\t\t\t<a href='https:\/\/www.hotelpariolirimini.it\/fr\/petit-dejeuner\/colazione-gallery-2\/' data-size=\"1024x1024\"><img loading=\"lazy\" decoding=\"async\" width=\"1024\" height=\"1024\" src=\"https:\/\/www.hotelpariolirimini.it\/wp-content\/uploads\/2023\/06\/colazione-gallery.jpg\" class=\"attachment-large size-large\" alt=\"colazione hotel parioli\" srcset=\"https:\/\/www.hotelpariolirimini.it\/wp-content\/uploads\/2023\/06\/colazione-gallery.jpg 1024w, https:\/\/www.hotelpariolirimini.it\/wp-content\/uploads\/2023\/06\/colazione-gallery-300x300.jpg 300w, https:\/\/www.hotelpariolirimini.it\/wp-content\/uploads\/2023\/06\/colazione-gallery-150x150.jpg 150w, https:\/\/www.hotelpariolirimini.it\/wp-content\/uploads\/2023\/06\/colazione-gallery-768x768.jpg 768w, https:\/\/www.hotelpariolirimini.it\/wp-content\/uploads\/2023\/06\/colazione-gallery-57x57.jpg 57w, https:\/\/www.hotelpariolirimini.it\/wp-content\/uploads\/2023\/06\/colazione-gallery-72x72.jpg 72w, https:\/\/www.hotelpariolirimini.it\/wp-content\/uploads\/2023\/06\/colazione-gallery-114x114.jpg 114w, https:\/\/www.hotelpariolirimini.it\/wp-content\/uploads\/2023\/06\/colazione-gallery-144x144.jpg 144w\" sizes=\"auto, (max-width: 1024px) 100vw, 1024px\" \/><\/a>\n\t\t\t<\/div><\/figure><figure class='gallery-item'>\n\t\t\t<div class='gallery-icon landscape'>\n\t\t\t\t<a href='https:\/\/www.hotelpariolirimini.it\/fr\/petit-dejeuner\/colazione-gallery-4-2\/' data-size=\"1024x1024\"><img loading=\"lazy\" decoding=\"async\" width=\"1024\" height=\"1024\" src=\"https:\/\/www.hotelpariolirimini.it\/wp-content\/uploads\/2023\/06\/colazione-gallery-4.jpg\" class=\"attachment-large size-large\" alt=\"\" srcset=\"https:\/\/www.hotelpariolirimini.it\/wp-content\/uploads\/2023\/06\/colazione-gallery-4.jpg 1024w, https:\/\/www.hotelpariolirimini.it\/wp-content\/uploads\/2023\/06\/colazione-gallery-4-300x300.jpg 300w, https:\/\/www.hotelpariolirimini.it\/wp-content\/uploads\/2023\/06\/colazione-gallery-4-150x150.jpg 150w, https:\/\/www.hotelpariolirimini.it\/wp-content\/uploads\/2023\/06\/colazione-gallery-4-768x768.jpg 768w, https:\/\/www.hotelpariolirimini.it\/wp-content\/uploads\/2023\/06\/colazione-gallery-4-57x57.jpg 57w, https:\/\/www.hotelpariolirimini.it\/wp-content\/uploads\/2023\/06\/colazione-gallery-4-72x72.jpg 72w, https:\/\/www.hotelpariolirimini.it\/wp-content\/uploads\/2023\/06\/colazione-gallery-4-114x114.jpg 114w, https:\/\/www.hotelpariolirimini.it\/wp-content\/uploads\/2023\/06\/colazione-gallery-4-144x144.jpg 144w\" sizes=\"auto, (max-width: 1024px) 100vw, 1024px\" \/><\/a>\n\t\t\t<\/div><\/figure><figure class='gallery-item'>\n\t\t\t<div class='gallery-icon landscape'>\n\t\t\t\t<a href='https:\/\/www.hotelpariolirimini.it\/fr\/petit-dejeuner\/colazione-gallery-5-2\/' data-size=\"1024x1024\"><img loading=\"lazy\" decoding=\"async\" width=\"1024\" height=\"1024\" src=\"https:\/\/www.hotelpariolirimini.it\/wp-content\/uploads\/2023\/06\/colazione-gallery-5.jpg\" class=\"attachment-large size-large\" alt=\"colazione hotel parioli\" srcset=\"https:\/\/www.hotelpariolirimini.it\/wp-content\/uploads\/2023\/06\/colazione-gallery-5.jpg 1024w, https:\/\/www.hotelpariolirimini.it\/wp-content\/uploads\/2023\/06\/colazione-gallery-5-300x300.jpg 300w, https:\/\/www.hotelpariolirimini.it\/wp-content\/uploads\/2023\/06\/colazione-gallery-5-150x150.jpg 150w, https:\/\/www.hotelpariolirimini.it\/wp-content\/uploads\/2023\/06\/colazione-gallery-5-768x768.jpg 768w, https:\/\/www.hotelpariolirimini.it\/wp-content\/uploads\/2023\/06\/colazione-gallery-5-57x57.jpg 57w, https:\/\/www.hotelpariolirimini.it\/wp-content\/uploads\/2023\/06\/colazione-gallery-5-72x72.jpg 72w, https:\/\/www.hotelpariolirimini.it\/wp-content\/uploads\/2023\/06\/colazione-gallery-5-114x114.jpg 114w, https:\/\/www.hotelpariolirimini.it\/wp-content\/uploads\/2023\/06\/colazione-gallery-5-144x144.jpg 144w\" sizes=\"auto, (max-width: 1024px) 100vw, 1024px\" \/><\/a>\n\t\t\t<\/div><\/figure><figure class='gallery-item'>\n\t\t\t<div class='gallery-icon landscape'>\n\t\t\t\t<a href='https:\/\/www.hotelpariolirimini.it\/fr\/staff\/staff-parioli-hotel-rimini-2\/' data-size=\"1024x1024\"><img loading=\"lazy\" decoding=\"async\" width=\"1024\" height=\"1024\" src=\"https:\/\/www.hotelpariolirimini.it\/wp-content\/uploads\/2024\/04\/staff-parioli-hotel-rimini.jpg\" class=\"attachment-large size-large\" alt=\"staff parioli hotel rimini\" srcset=\"https:\/\/www.hotelpariolirimini.it\/wp-content\/uploads\/2024\/04\/staff-parioli-hotel-rimini.jpg 1024w, https:\/\/www.hotelpariolirimini.it\/wp-content\/uploads\/2024\/04\/staff-parioli-hotel-rimini-300x300.jpg 300w, https:\/\/www.hotelpariolirimini.it\/wp-content\/uploads\/2024\/04\/staff-parioli-hotel-rimini-150x150.jpg 150w, https:\/\/www.hotelpariolirimini.it\/wp-content\/uploads\/2024\/04\/staff-parioli-hotel-rimini-768x768.jpg 768w, https:\/\/www.hotelpariolirimini.it\/wp-content\/uploads\/2024\/04\/staff-parioli-hotel-rimini-57x57.jpg 57w, https:\/\/www.hotelpariolirimini.it\/wp-content\/uploads\/2024\/04\/staff-parioli-hotel-rimini-72x72.jpg 72w, https:\/\/www.hotelpariolirimini.it\/wp-content\/uploads\/2024\/04\/staff-parioli-hotel-rimini-114x114.jpg 114w, https:\/\/www.hotelpariolirimini.it\/wp-content\/uploads\/2024\/04\/staff-parioli-hotel-rimini-144x144.jpg 144w\" sizes=\"auto, (max-width: 1024px) 100vw, 1024px\" \/><\/a>\n\t\t\t<\/div><\/figure><figure class='gallery-item'>\n\t\t\t<div class='gallery-icon landscape'>\n\t\t\t\t<a href='https:\/\/www.hotelpariolirimini.it\/fr\/petit-dejeuner\/colazione-parioli-hotel-rimini-4-2\/' data-size=\"1024x1024\"><img loading=\"lazy\" decoding=\"async\" width=\"1024\" height=\"1024\" src=\"https:\/\/www.hotelpariolirimini.it\/wp-content\/uploads\/2024\/04\/colazione-parioli-hotel-rimini-4.jpg\" class=\"attachment-large size-large\" alt=\"colazione hotel parioli\" srcset=\"https:\/\/www.hotelpariolirimini.it\/wp-content\/uploads\/2024\/04\/colazione-parioli-hotel-rimini-4.jpg 1024w, https:\/\/www.hotelpariolirimini.it\/wp-content\/uploads\/2024\/04\/colazione-parioli-hotel-rimini-4-300x300.jpg 300w, https:\/\/www.hotelpariolirimini.it\/wp-content\/uploads\/2024\/04\/colazione-parioli-hotel-rimini-4-150x150.jpg 150w, https:\/\/www.hotelpariolirimini.it\/wp-content\/uploads\/2024\/04\/colazione-parioli-hotel-rimini-4-768x768.jpg 768w, https:\/\/www.hotelpariolirimini.it\/wp-content\/uploads\/2024\/04\/colazione-parioli-hotel-rimini-4-57x57.jpg 57w, https:\/\/www.hotelpariolirimini.it\/wp-content\/uploads\/2024\/04\/colazione-parioli-hotel-rimini-4-72x72.jpg 72w, https:\/\/www.hotelpariolirimini.it\/wp-content\/uploads\/2024\/04\/colazione-parioli-hotel-rimini-4-114x114.jpg 114w, https:\/\/www.hotelpariolirimini.it\/wp-content\/uploads\/2024\/04\/colazione-parioli-hotel-rimini-4-144x144.jpg 144w\" sizes=\"auto, (max-width: 1024px) 100vw, 1024px\" \/><\/a>\n\t\t\t<\/div><\/figure><figure class='gallery-item'>\n\t\t\t<div class='gallery-icon landscape'>\n\t\t\t\t<a href='https:\/\/www.hotelpariolirimini.it\/fr\/petit-dejeuner\/colazione-parioli-hotel-rimini-2-2\/' data-size=\"1024x1024\"><img loading=\"lazy\" decoding=\"async\" width=\"1024\" height=\"1024\" src=\"https:\/\/www.hotelpariolirimini.it\/wp-content\/uploads\/2024\/04\/colazione-parioli-hotel-rimini-2.jpg\" class=\"attachment-large size-large\" alt=\"colazione hotel parioli\" srcset=\"https:\/\/www.hotelpariolirimini.it\/wp-content\/uploads\/2024\/04\/colazione-parioli-hotel-rimini-2.jpg 1024w, https:\/\/www.hotelpariolirimini.it\/wp-content\/uploads\/2024\/04\/colazione-parioli-hotel-rimini-2-300x300.jpg 300w, https:\/\/www.hotelpariolirimini.it\/wp-content\/uploads\/2024\/04\/colazione-parioli-hotel-rimini-2-150x150.jpg 150w, https:\/\/www.hotelpariolirimini.it\/wp-content\/uploads\/2024\/04\/colazione-parioli-hotel-rimini-2-768x768.jpg 768w, https:\/\/www.hotelpariolirimini.it\/wp-content\/uploads\/2024\/04\/colazione-parioli-hotel-rimini-2-57x57.jpg 57w, https:\/\/www.hotelpariolirimini.it\/wp-content\/uploads\/2024\/04\/colazione-parioli-hotel-rimini-2-72x72.jpg 72w, https:\/\/www.hotelpariolirimini.it\/wp-content\/uploads\/2024\/04\/colazione-parioli-hotel-rimini-2-114x114.jpg 114w, https:\/\/www.hotelpariolirimini.it\/wp-content\/uploads\/2024\/04\/colazione-parioli-hotel-rimini-2-144x144.jpg 144w\" sizes=\"auto, (max-width: 1024px) 100vw, 1024px\" \/><\/a>\n\t\t\t<\/div><\/figure>\n\t\t<\/div>\n\n","protected":false},"excerpt":{"rendered":"<p>L&rsquo;ar\u00f4me du caf\u00e9, le parfum des p\u00e2tisseries et un petit-d\u00e9jeuner copieux vous attendent tous les matins. Tous les h\u00f4tes de l&rsquo;Hotel Parioli peuvent profiter d&rsquo;un g\u00e9n\u00e9reux petit-d\u00e9jeuner buffet. Une invitation \u00e0 la gourmandise pour commencer la journ\u00e9e en faisant le plein d&rsquo;\u00e9nergie, avec au menu g\u00e2teaux et p\u00e2tisseries \u00e0 peine sortis du four, ainsi que des propositions sal\u00e9es, sous la houlette attentionn\u00e9e d\u2019Annamaria. Toutes nos p\u00e2tisseries sont \u2033maison\u2033 et distillent &#8230;<\/p>\n","protected":false},"author":1,"featured_media":0,"parent":0,"menu_order":0,"comment_status":"closed","ping_status":"closed","template":"","meta":{"_acf_changed":false},"class_list":["post-3919","page","type-page","status-publish","hentry"],"acf":[],"_links":{"self":[{"href":"https:\/\/www.hotelpariolirimini.it\/fr\/wp-json\/wp\/v2\/pages\/3919","targetHints":{"allow":["GET"]}}],"collection":[{"href":"https:\/\/www.hotelpariolirimini.it\/fr\/wp-json\/wp\/v2\/pages"}],"about":[{"href":"https:\/\/www.hotelpariolirimini.it\/fr\/wp-json\/wp\/v2\/types\/page"}],"author":[{"embeddable":true,"href":"https:\/\/www.hotelpariolirimini.it\/fr\/wp-json\/wp\/v2\/users\/1"}],"replies":[{"embeddable":true,"href":"https:\/\/www.hotelpariolirimini.it\/fr\/wp-json\/wp\/v2\/comments?post=3919"}],"version-history":[{"count":0,"href":"https:\/\/www.hotelpariolirimini.it\/fr\/wp-json\/wp\/v2\/pages\/3919\/revisions"}],"wp:attachment":[{"href":"https:\/\/www.hotelpariolirimini.it\/fr\/wp-json\/wp\/v2\/media?parent=3919"}],"curies":[{"name":"wp","href":"https:\/\/api.w.org\/{rel}","templated":true}]}}