{"id":3938,"date":"2023-05-11T09:52:22","date_gmt":"2023-05-11T07:52:22","guid":{"rendered":"https:\/\/www.hotelpariolirimini.it\/?page_id=3938"},"modified":"2023-05-12T15:51:27","modified_gmt":"2023-05-12T13:51:27","slug":"ou-nous-sommes","status":"publish","type":"page","link":"https:\/\/www.hotelpariolirimini.it\/fr\/ou-nous-sommes\/","title":{"rendered":"Un cadre verdoyant \u00e0 proximit\u00e9 de tout ce dont vous avez besoin"},"content":{"rendered":"<h2>L&rsquo;Hotel Parioli b\u00e9n\u00e9ficie d\u2019une position strat\u00e9gique, \u00e0 proximit\u00e9 des principaux centres d&rsquo;int\u00e9r\u00eat de la ville.<\/h2>\n<p>Depuis l&rsquo;h\u00f4tel, vous pouvez rejoindre le centre-ville \u00e0 pied en 20 minutes, ou \u00e0 v\u00e9lo en 5 minutes.<\/p>\n<p><strong>Principales distances de l&rsquo;h\u00f4tel<\/strong><\/p>\n<ul>\n<li>4,5 km de Rimini Fiera<\/li>\n<li>1,5 km du Palacongressi de Rimini<\/li>\n<li>10 km d&rsquo;Aquafan<\/li>\n<li>10 km d&rsquo;Oltremare<\/li>\n<li>4 km de Fiabilandia<\/li>\n<li>5 km de Italia in Miniatura<\/li>\n<li>15 km de l&rsquo;Aquario de Cattolica<\/li>\n<li>15 km de Mirabilandia<\/li>\n<li>3 km du centre commercial et du cin\u00e9ma multiplexe Le Befane<\/li>\n<\/ul>\n<p><img loading=\"lazy\" decoding=\"async\" class=\"alignnone wp-image-3500 size-full\" src=\"https:\/\/www.hotelpariolirimini.it\/wp-content\/uploads\/2023\/05\/mappa-statica-2023_fr.jpg\" alt=\"\" width=\"1540\" height=\"670\" data-big-size=\"1540x670\" \/><\/p>\n","protected":false},"excerpt":{"rendered":"<p>L&rsquo;Hotel Parioli b\u00e9n\u00e9ficie d\u2019une position strat\u00e9gique, \u00e0 proximit\u00e9 des principaux centres d&rsquo;int\u00e9r\u00eat de la ville. Depuis l&rsquo;h\u00f4tel, vous pouvez rejoindre le centre-ville \u00e0 pied en 20 minutes, ou \u00e0 v\u00e9lo en 5 minutes. Principales distances de l&rsquo;h\u00f4tel 4,5 km de Rimini Fiera 1,5 km du Palacongressi de Rimini 10 km d&rsquo;Aquafan 10 km d&rsquo;Oltremare 4 km de Fiabilandia 5 km de Italia in Miniatura 15 km de l&rsquo;Aquario de Cattolica &#8230;<\/p>\n","protected":false},"author":1,"featured_media":0,"parent":0,"menu_order":0,"comment_status":"closed","ping_status":"closed","template":"","meta":{"_acf_changed":false},"class_list":["post-3938","page","type-page","status-publish","hentry"],"acf":[],"_links":{"self":[{"href":"https:\/\/www.hotelpariolirimini.it\/fr\/wp-json\/wp\/v2\/pages\/3938","targetHints":{"allow":["GET"]}}],"collection":[{"href":"https:\/\/www.hotelpariolirimini.it\/fr\/wp-json\/wp\/v2\/pages"}],"about":[{"href":"https:\/\/www.hotelpariolirimini.it\/fr\/wp-json\/wp\/v2\/types\/page"}],"author":[{"embeddable":true,"href":"https:\/\/www.hotelpariolirimini.it\/fr\/wp-json\/wp\/v2\/users\/1"}],"replies":[{"embeddable":true,"href":"https:\/\/www.hotelpariolirimini.it\/fr\/wp-json\/wp\/v2\/comments?post=3938"}],"version-history":[{"count":0,"href":"https:\/\/www.hotelpariolirimini.it\/fr\/wp-json\/wp\/v2\/pages\/3938\/revisions"}],"wp:attachment":[{"href":"https:\/\/www.hotelpariolirimini.it\/fr\/wp-json\/wp\/v2\/media?parent=3938"}],"curies":[{"name":"wp","href":"https:\/\/api.w.org\/{rel}","templated":true}]}}