{"id":3942,"date":"2023-05-11T16:52:20","date_gmt":"2023-05-11T14:52:20","guid":{"rendered":"https:\/\/www.hotelpariolirimini.it\/?page_id=3942"},"modified":"2023-05-11T16:54:53","modified_gmt":"2023-05-11T14:54:53","slug":"offres","status":"publish","type":"page","link":"https:\/\/www.hotelpariolirimini.it\/fr\/offres\/","title":{"rendered":"Offres pour des Vacances Toute l&rsquo;Ann\u00e9e"},"content":{"rendered":"<h2>Les occasions et les bons plans ne manquent pas pour venir \u00e0 Rimini m\u00eame hors saison!<\/h2>\n<p>Si l&rsquo;\u00e9t\u00e9 \u00e0 Rimini est connu pour \u00eatre une saison incontournable, avec le soleil, la mer et son immense plage de sable dor\u00e9, la perle de la Romagne ne manque pas de charme en toute saison!<br \/>\nUne ville dynamique, avec un riche calendrier culturel, de grandes manifestations, des sites historiques, et un arri\u00e8re-pays d&rsquo;excellence, tant sur le plan artistique qu\u2019\u0153nogastronomique.<\/p>\n<h2>Vous \u00eates en d\u00e9placement professionnel sur la Riviera romagnole? \u00c0 l&rsquo;Hotel Parioli, vous trouverez toujours des bons plans!<\/h2>\n<p>Pl\u00e9biscit\u00e9 par de nombreux voyageurs qui viennent \u00e0 Rimini pour leur activit\u00e9 professionnelle ou une formation, l&rsquo;Hotel Parioli est ouvert toute l&rsquo;ann\u00e9e. Sa salle de r\u00e9union \u00e9quip\u00e9e au sein de l&rsquo;\u00e9tablissement est tr\u00e8s utile aux entreprises et aux stagiaires qui souhaitent organiser r\u00e9unions ou petits \u00e9v\u00e9nements sans avoir \u00e0 pr\u00e9voir la logistique des d\u00e9placements.<br \/>\nLa proximit\u00e9 du Centre d\u2019expositions et du Palais des congr\u00e8s de Rimini, accessibles en quelques minutes en voiture, est l\u2019un des atouts les plus appr\u00e9ci\u00e9s de l&rsquo;Hotel Parioli par tous ceux qui viennent en ville pour des manifestations ou des salons.<\/p>\n<h3>Qu&rsquo;est-ce qui vous am\u00e8ne \u00e0 Rimini? Quelle est la p\u00e9riode de votre s\u00e9jour? Trouvez votre offre.<\/h3>\n","protected":false},"excerpt":{"rendered":"<p>Les occasions et les bons plans ne manquent pas pour venir \u00e0 Rimini m\u00eame hors saison! Si l&rsquo;\u00e9t\u00e9 \u00e0 Rimini est connu pour \u00eatre une saison incontournable, avec le soleil, la mer et son immense plage de sable dor\u00e9, la perle de la Romagne ne manque pas de charme en toute saison! Une ville dynamique, avec un riche calendrier culturel, de grandes manifestations, des sites historiques, et un arri\u00e8re-pays d&rsquo;excellence, &#8230;<\/p>\n","protected":false},"author":1,"featured_media":0,"parent":0,"menu_order":0,"comment_status":"closed","ping_status":"closed","template":"template\/template.offerte.php","meta":{"_acf_changed":false},"class_list":["post-3942","page","type-page","status-publish","hentry"],"acf":[],"_links":{"self":[{"href":"https:\/\/www.hotelpariolirimini.it\/fr\/wp-json\/wp\/v2\/pages\/3942","targetHints":{"allow":["GET"]}}],"collection":[{"href":"https:\/\/www.hotelpariolirimini.it\/fr\/wp-json\/wp\/v2\/pages"}],"about":[{"href":"https:\/\/www.hotelpariolirimini.it\/fr\/wp-json\/wp\/v2\/types\/page"}],"author":[{"embeddable":true,"href":"https:\/\/www.hotelpariolirimini.it\/fr\/wp-json\/wp\/v2\/users\/1"}],"replies":[{"embeddable":true,"href":"https:\/\/www.hotelpariolirimini.it\/fr\/wp-json\/wp\/v2\/comments?post=3942"}],"version-history":[{"count":0,"href":"https:\/\/www.hotelpariolirimini.it\/fr\/wp-json\/wp\/v2\/pages\/3942\/revisions"}],"wp:attachment":[{"href":"https:\/\/www.hotelpariolirimini.it\/fr\/wp-json\/wp\/v2\/media?parent=3942"}],"curies":[{"name":"wp","href":"https:\/\/api.w.org\/{rel}","templated":true}]}}